{"id":484,"date":"2024-12-19T14:49:58","date_gmt":"2024-12-19T13:49:58","guid":{"rendered":"https:\/\/gyorsszolgalatod.hu\/dugulaselharitas\/"},"modified":"2025-02-07T11:15:39","modified_gmt":"2025-02-07T10:15:39","slug":"clog-removal-services","status":"publish","type":"page","link":"https:\/\/gyorsszolgalatod.hu\/en\/services\/clog-removal-services\/","title":{"rendered":"Clog Removal Services"},"content":{"rendered":"<p>[et_pb_section fb_built=&#8221;1&#8243; admin_label=&#8221;Header&#8221; _builder_version=&#8221;4.27.4&#8243; _module_preset=&#8221;default&#8221; background_color=&#8221;rgba(12,55,30,0.88)&#8221; background_enable_pattern_style=&#8221;on&#8221; background_pattern_style=&#8221;checkerboard&#8221; collapsed=&#8221;off&#8221; global_colors_info=&#8221;{}&#8221;][et_pb_row _builder_version=&#8221;4.27.4&#8243; _module_preset=&#8221;default&#8221; global_colors_info=&#8221;{}&#8221;][et_pb_column type=&#8221;4_4&#8243; _builder_version=&#8221;4.19.0&#8243; _module_preset=&#8221;default&#8221; global_colors_info=&#8221;{}&#8221;][et_pb_text _builder_version=&#8221;4.27.4&#8243; _module_preset=&#8221;34660924-c2dd-44db-9997-17b9f401886a&#8221; header_text_color=&#8221;#FFFFFF&#8221; global_colors_info=&#8221;{}&#8221;]<\/p>\n<h1>Clog Removal Services<\/h1>\n<p>[\/et_pb_text][et_pb_button button_url=&#8221;@ET-DC@eyJkeW5hbWljIjp0cnVlLCJjb250ZW50IjoicG9zdF9saW5rX3VybF9wYWdlIiwic2V0dGluZ3MiOnsicG9zdF9pZCI6IjE0In19@&#8221; button_text=&#8221;Contact&#8221; _builder_version=&#8221;4.27.4&#8243; _dynamic_attributes=&#8221;button_url&#8221; _module_preset=&#8221;465ec0d2-2c5a-4a38-b068-688248860338&#8243; button_bg_color=&#8221;#186338&#8243; global_colors_info=&#8221;{}&#8221;][\/et_pb_button][et_pb_text _builder_version=&#8221;4.27.4&#8243; _module_preset=&#8221;57995738-39ca-4903-8501-0183ce029058&#8243; link_text_color=&#8221;#ffe35b&#8221; header_2_text_color=&#8221;#FFFFFF&#8221; hover_enabled=&#8221;0&#8243; locked=&#8221;off&#8221; global_colors_info=&#8221;{}&#8221; sticky_enabled=&#8221;0&#8243;]<\/p>\n<h2><a href=\"tel:+36705961243\">+36 70 596 1243<\/a><\/h2>\n<p>[\/et_pb_text][\/et_pb_column][\/et_pb_row][et_pb_row column_structure=&#8221;2_3,1_3&#8243; make_equal=&#8221;on&#8221; _builder_version=&#8221;4.27.4&#8243; _module_preset=&#8221;default&#8221; custom_margin=&#8221;||-240px||false|false&#8221; global_colors_info=&#8221;{}&#8221;][et_pb_column type=&#8221;2_3&#8243; _builder_version=&#8221;4.27.4&#8243; _module_preset=&#8221;default&#8221; background_color=&#8221;#186338&#8243; custom_padding=&#8221;80px|80px|80px|80px|true|true&#8221; custom_padding_tablet=&#8221;30px|30px|30px|30px|true|true&#8221; custom_padding_phone=&#8221;20px|20px|20px|20px|true|true&#8221; custom_padding_last_edited=&#8221;on|desktop&#8221; global_colors_info=&#8221;{}&#8221;][et_pb_text _builder_version=&#8221;4.27.4&#8243; _module_preset=&#8221;99e3adc5-c98b-4ad6-b559-97b5603c1258&#8243; header_3_text_color=&#8221;#FFFFFF&#8221; global_colors_info=&#8221;{}&#8221;]<\/p>\n<h3>Effective Clog Removal for Your Peace of Mind<\/h3>\n<p>[\/et_pb_text][et_pb_text _builder_version=&#8221;4.27.4&#8243; _module_preset=&#8221;e7698064-79c5-4a29-a360-d4ba6662941e&#8221; text_text_color=&#8221;#FFFFFF&#8221; global_colors_info=&#8221;{}&#8221;]<\/p>\n<p align=\"left\">A clog often appears out of nowhere, requiring inconvenient compromises from those affected. During such times, the bathroom or kitchen can become unusable, leading to significant frustration.<\/p>\n<p align=\"left\">The kitchen, bathroom, and restrooms are central areas in any property. If someone is unable to cook or maintain personal hygiene without interruptions, it can quickly become frustrating. It doesn\u2019t take long for people to lose their patience in such situations, which is understandable since life becomes much more complicated and challenging without access to these essential spaces.<\/p>\n<p>  [\/et_pb_text][\/et_pb_column][et_pb_column type=&#8221;1_3&#8243; _builder_version=&#8221;4.27.4&#8243; _module_preset=&#8221;default&#8221; background_image=&#8221;https:\/\/gyorsszolgalatod.hu\/wp-content\/uploads\/2025\/01\/dugulaselharitas-1.jpg&#8221; global_colors_info=&#8221;{}&#8221;][et_pb_divider show_divider=&#8221;off&#8221; _builder_version=&#8221;4.19.0&#8243; _module_preset=&#8221;default&#8221; height_tablet=&#8221;40vw&#8221; height_phone=&#8221;40vw&#8221; height_last_edited=&#8221;on|desktop&#8221; global_colors_info=&#8221;{}&#8221;][\/et_pb_divider][\/et_pb_column][\/et_pb_row][\/et_pb_section][et_pb_section fb_built=&#8221;1&#8243; admin_label=&#8221;Services&#8221; _builder_version=&#8221;4.19.0&#8243; _module_preset=&#8221;default&#8221; custom_padding=&#8221;240px||||false|false&#8221; collapsed=&#8221;off&#8221; global_colors_info=&#8221;{}&#8221;][et_pb_row _builder_version=&#8221;4.19.0&#8243; _module_preset=&#8221;default&#8221; max_width=&#8221;700px&#8221; global_colors_info=&#8221;{}&#8221;][et_pb_column type=&#8221;4_4&#8243; _builder_version=&#8221;4.19.0&#8243; _module_preset=&#8221;default&#8221; global_colors_info=&#8221;{}&#8221;][et_pb_text _builder_version=&#8221;4.27.4&#8243; _module_preset=&#8221;57995738-39ca-4903-8501-0183ce029058&#8243; header_3_font=&#8221;Mulish|800|||||||&#8221; header_3_line_height=&#8221;1.4em&#8221; global_colors_info=&#8221;{}&#8221;]<\/p>\n<h3>What Factors Can Lead to Clogs?<\/h3>\n<p>[\/et_pb_text][et_pb_blurb use_icon=&#8221;on&#8221; font_icon=&#8221;&#xf101;||fa||900&#8243; image_icon_width=&#8221;45px&#8221; _builder_version=&#8221;4.27.4&#8243; _module_preset=&#8221;4ca25fbe-a7ba-405f-b94f-7db552fa1e4d&#8221; custom_margin=&#8221;||60px||false|false&#8221; locked=&#8221;off&#8221; global_colors_info=&#8221;{}&#8221;]<\/p>\n<p align=\"left\">It\u2019s important for people to understand what can lead to clogs, as it\u2019s not uncommon for these unpleasant situations to be caused by their own actions.<\/p>\n<p>[\/et_pb_blurb][et_pb_blurb use_icon=&#8221;on&#8221; font_icon=&#8221;&#xf101;||fa||900&#8243; image_icon_width=&#8221;45px&#8221; _builder_version=&#8221;4.27.4&#8243; _module_preset=&#8221;4ca25fbe-a7ba-405f-b94f-7db552fa1e4d&#8221; custom_margin=&#8221;||60px||false|false&#8221; locked=&#8221;off&#8221; global_colors_info=&#8221;{}&#8221;]<\/p>\n<p align=\"left\"><b>Improper usage habits often result in clogs,<\/b> such as when inappropriate items are flushed down the toilet. Wet wipes, in particular, are a major cause of blockages, with many clogs being caused by these products. They should always be disposed of in the trash, as this is the safest way to avoid damage.<\/p>\n<p>[\/et_pb_blurb][et_pb_blurb use_icon=&#8221;on&#8221; font_icon=&#8221;&#xf101;||fa||900&#8243; image_icon_width=&#8221;45px&#8221; _builder_version=&#8221;4.27.4&#8243; _module_preset=&#8221;4ca25fbe-a7ba-405f-b94f-7db552fa1e4d&#8221; custom_margin=&#8221;||60px||false|false&#8221; locked=&#8221;off&#8221; global_colors_info=&#8221;{}&#8221;]<\/p>\n<p align=\"left\"><b>In kitchen drains, accumulated grease can lead to clogs.<\/b> For this reason, it\u2019s recommended to be cautious when disposing of grease. There are numerous solutions to help protect the drains, ensuring they remain in good condition and preventing blockages.<\/p>\n<p>[\/et_pb_blurb][et_pb_blurb use_icon=&#8221;on&#8221; font_icon=&#8221;&#xf101;||fa||900&#8243; image_icon_width=&#8221;45px&#8221; _builder_version=&#8221;4.27.4&#8243; _module_preset=&#8221;4ca25fbe-a7ba-405f-b94f-7db552fa1e4d&#8221; custom_margin=&#8221;||60px||false|false&#8221; locked=&#8221;off&#8221; global_colors_info=&#8221;{}&#8221;]<\/p>\n<p align=\"left\">It\u2019s also possible that <b>the clog is not caused by improper usage habits, but by poorly constructed pipe networks.<\/b> Unfortunately, there\u2019s not much that can be done with these, except for potential modifications, which can involve significant work that not everyone has the capacity for. For these types of networks, extra caution is required during use, and more frequent pipe cleaning may be necessary.<\/p>\n<p>[\/et_pb_blurb][et_pb_blurb use_icon=&#8221;on&#8221; font_icon=&#8221;&#xf101;||fa||900&#8243; image_icon_width=&#8221;45px&#8221; _builder_version=&#8221;4.27.4&#8243; _module_preset=&#8221;4ca25fbe-a7ba-405f-b94f-7db552fa1e4d&#8221; custom_margin=&#8221;||60px||false|false&#8221; locked=&#8221;off&#8221; global_colors_info=&#8221;{}&#8221;]<\/p>\n<p align=\"left\">Those facing similar issues should consider seeking advice from our team, as we are happy to provide guidance on how our clients can manage pipe networks of this design in the long term.<\/p>\n<p>[\/et_pb_blurb][\/et_pb_column][\/et_pb_row][\/et_pb_section][et_pb_section fb_built=&#8221;1&#8243; admin_label=&#8221;Call to Action&#8221; _builder_version=&#8221;4.19.0&#8243; _module_preset=&#8221;default&#8221; collapsed=&#8221;off&#8221; global_colors_info=&#8221;{}&#8221;][et_pb_row column_structure=&#8221;1_2,1_2&#8243; _builder_version=&#8221;4.27.4&#8243; _module_preset=&#8221;default&#8221; global_colors_info=&#8221;{}&#8221;][et_pb_column type=&#8221;1_2&#8243; _builder_version=&#8221;4.19.0&#8243; _module_preset=&#8221;default&#8221; global_colors_info=&#8221;{}&#8221;][et_pb_image src=&#8221;https:\/\/gyorsszolgalatod.hu\/wp-content\/uploads\/2025\/01\/dugulaselharitas-2.jpg&#8221; alt=&#8221;Dugul\u00e1selh\u00e1r\u00edt\u00e1s&#8221; title_text=&#8221;Dugul\u00e1selh\u00e1r\u00edt\u00e1s&#8221; _builder_version=&#8221;4.27.4&#8243; _module_preset=&#8221;default&#8221; global_colors_info=&#8221;{}&#8221;][\/et_pb_image][\/et_pb_column][et_pb_column type=&#8221;1_2&#8243; _builder_version=&#8221;4.27.4&#8243; _module_preset=&#8221;default&#8221; background_color=&#8221;#186338&#8243; custom_padding=&#8221;40px|40px|40px|40px|true|true&#8221; global_colors_info=&#8221;{}&#8221;][et_pb_text _builder_version=&#8221;4.27.4&#8243; _module_preset=&#8221;57995738-39ca-4903-8501-0183ce029058&#8243; header_2_text_color=&#8221;#FFFFFF&#8221; header_3_font=&#8221;Mulish|800|||||||&#8221; header_3_text_color=&#8221;#FFFFFF&#8221; header_3_line_height=&#8221;1.4em&#8221; global_colors_info=&#8221;{}&#8221;]<\/p>\n<h3>Prevent Clogs!<\/h3>\n<p>[\/et_pb_text][et_pb_text _builder_version=&#8221;4.27.4&#8243; _module_preset=&#8221;e7698064-79c5-4a29-a360-d4ba6662941e&#8221; text_text_color=&#8221;#FFFFFF&#8221; global_colors_info=&#8221;{}&#8221;]<\/p>\n<p align=\"left\">There are many ways to prevent clogs, such as installing various filters in the drains. <b>Not everyone thinks about maintenance performed and supervised by professionals, yet this is the most effective way to prevent blockages.<\/b><\/p>\n<p align=\"left\">Our team offers inspection and maintenance services, equipped with all the tools and expertise needed, ensuring that your system is always ready for use and preventing many potential inconveniences.<\/p>\n<p>[\/et_pb_text][et_pb_text _builder_version=&#8221;4.27.4&#8243; _module_preset=&#8221;57995738-39ca-4903-8501-0183ce029058&#8243; link_text_color=&#8221;#ffe35b&#8221; header_2_text_color=&#8221;#FFFFFF&#8221; hover_enabled=&#8221;0&#8243; locked=&#8221;off&#8221; global_colors_info=&#8221;{}&#8221; sticky_enabled=&#8221;0&#8243;]<\/p>\n<h2><a href=\"tel:+36705961243\">+36 70 596 1243<\/a><\/h2>\n<p>[\/et_pb_text][et_pb_button button_url=&#8221;@ET-DC@eyJkeW5hbWljIjp0cnVlLCJjb250ZW50IjoicG9zdF9saW5rX3VybF9wYWdlIiwic2V0dGluZ3MiOnsicG9zdF9pZCI6IjE0In19@&#8221; button_text=&#8221;Contact&#8221; _builder_version=&#8221;4.27.4&#8243; _dynamic_attributes=&#8221;button_url&#8221; _module_preset=&#8221;654985ef-8f65-4958-aa7d-d2907082da49&#8243; global_colors_info=&#8221;{}&#8221;][\/et_pb_button][\/et_pb_column][\/et_pb_row][\/et_pb_section][et_pb_section fb_built=&#8221;1&#8243; admin_label=&#8221;Features&#8221; _builder_version=&#8221;4.19.0&#8243; _module_preset=&#8221;default&#8221; collapsed=&#8221;off&#8221; global_colors_info=&#8221;{}&#8221;][et_pb_row _builder_version=&#8221;4.27.4&#8243; _module_preset=&#8221;default&#8221; global_colors_info=&#8221;{}&#8221;][et_pb_column type=&#8221;4_4&#8243; _builder_version=&#8221;4.19.0&#8243; _module_preset=&#8221;default&#8221; global_colors_info=&#8221;{}&#8221;][et_pb_image src=&#8221;https:\/\/gyorsszolgalatod.hu\/wp-content\/uploads\/2025\/01\/dugulaselharitas-3.jpg&#8221; alt=&#8221;Dugul\u00e1selh\u00e1r\u00edt\u00e1s&#8221; title_text=&#8221;Dugul\u00e1selh\u00e1r\u00edt\u00e1s&#8221; _builder_version=&#8221;4.27.4&#8243; _module_preset=&#8221;default&#8221; global_colors_info=&#8221;{}&#8221;][\/et_pb_image][\/et_pb_column][\/et_pb_row][et_pb_row _builder_version=&#8221;4.27.4&#8243; _module_preset=&#8221;default&#8221; global_colors_info=&#8221;{}&#8221;][et_pb_column type=&#8221;4_4&#8243; _builder_version=&#8221;4.19.0&#8243; _module_preset=&#8221;default&#8221; global_colors_info=&#8221;{}&#8221;][et_pb_text _builder_version=&#8221;4.27.4&#8243; _module_preset=&#8221;57995738-39ca-4903-8501-0183ce029058&#8243; header_3_font=&#8221;Mulish|800|||||||&#8221; header_3_line_height=&#8221;1.4em&#8221; global_colors_info=&#8221;{}&#8221;]<\/p>\n<h3>Fast Clog Removal, High Quality Guaranteed<\/h3>\n<p>[\/et_pb_text][et_pb_text _builder_version=&#8221;4.27.4&#8243; _module_preset=&#8221;e7698064-79c5-4a29-a360-d4ba6662941e&#8221; text_font_size_tablet=&#8221;&#8221; text_font_size_phone=&#8221;&#8221; text_font_size_last_edited=&#8221;on|desktop&#8221; global_colors_info=&#8221;{}&#8221;]<\/p>\n<p align=\"left\">Fast clog removal is primarily aimed at ensuring customer peace of mind and comfort, but it\u2019s also important to remember that professional work helps preserve the integrity of the pipes. <b>The other main goal of clog removal is to prevent further damage to the system, which could result in higher costs.<\/b><\/p>\n<p align=\"left\">Anyone can attempt to clear a clog themselves, but this will only provide a temporary solution. For truly effective results, professionals are needed, as they have the expertise and tools required for the job.<\/p>\n<p align=\"left\">Trust us with the task, and we\u2019ll provide quick clog removal with a short turnaround time. Feel free to contact us with confidence using the details provided!<\/p>\n<p>  [\/et_pb_text][\/et_pb_column][\/et_pb_row][\/et_pb_section][et_pb_section fb_built=&#8221;1&#8243; custom_padding_last_edited=&#8221;on|desktop&#8221; admin_label=&#8221;Footer CTA&#8221; _builder_version=&#8221;4.19.0&#8243; _module_preset=&#8221;default&#8221; use_background_color_gradient=&#8221;on&#8221; background_color_gradient_direction=&#8221;90deg&#8221; background_color_gradient_stops=&#8221;rgba(255,255,255,0) 50%|gcid-c61d595c-65d1-455d-b447-e1edcceee1e9 50%&#8221; background_color_gradient_overlays_image=&#8221;on&#8221; background_image=&#8221;https:\/\/gyorsszolgalatod.hu\/wp-content\/uploads\/2024\/12\/plumber-22b.jpg&#8221; background_position=&#8221;bottom_center&#8221; custom_padding=&#8221;0px||120px||false|false&#8221; custom_padding_tablet=&#8221;||0px||false|false&#8221; custom_padding_phone=&#8221;||||false|false&#8221; saved_tabs=&#8221;all&#8221; collapsed=&#8221;off&#8221; global_colors_info=&#8221;{%22gcid-c61d595c-65d1-455d-b447-e1edcceee1e9%22:%91%22background_color_gradient_stops%22,%22background_color_gradient_stops%22%93}&#8221;][et_pb_row column_structure=&#8221;1_2,1_2&#8243; use_custom_gutter=&#8221;on&#8221; gutter_width=&#8221;1&#8243; make_equal=&#8221;on&#8221; _builder_version=&#8221;4.27.4&#8243; _module_preset=&#8221;default&#8221; custom_padding=&#8221;0px||0px||true|false&#8221; box_shadow_style=&#8221;preset4&#8243; box_shadow_horizontal=&#8221;30vw&#8221; box_shadow_vertical=&#8221;0px&#8221; box_shadow_color=&#8221;gcid-3a379ca8-6bf9-434c-8a61-08511851f29f&#8221; global_colors_info=&#8221;{%22gcid-3a379ca8-6bf9-434c-8a61-08511851f29f%22:%91%22box_shadow_color%22%93}&#8221;][et_pb_column type=&#8221;1_2&#8243; _builder_version=&#8221;4.27.4&#8243; _module_preset=&#8221;default&#8221; background_color=&#8221;#186338&#8243; custom_padding=&#8221;40px|20px|40px|20px|true|true&#8221; custom_padding_tablet=&#8221;30px|30px|30px|30px|true|true&#8221; custom_padding_phone=&#8221;20px|20px|20px|20px|true|true&#8221; custom_padding_last_edited=&#8221;off|desktop&#8221; global_colors_info=&#8221;{}&#8221;][et_pb_text _builder_version=&#8221;4.27.4&#8243; _module_preset=&#8221;0eab3cc1-924f-4cf7-8f90-780b5b3f1c0f&#8221; header_4_text_color=&#8221;#FFFFFF&#8221; custom_margin=&#8221;||||false|false&#8221; global_colors_info=&#8221;{}&#8221;]<\/p>\n<h4>Request a Free Quote!<\/h4>\n<p>[\/et_pb_text][et_pb_text _builder_version=&#8221;4.27.4&#8243; _module_preset=&#8221;6b3807b0-282f-4b6e-acab-f629f403cc7e&#8221; header_text_color=&#8221;#FFFFFF&#8221; header_2_text_color=&#8221;#FFFFFF&#8221; header_3_text_color=&#8221;#FFFFFF&#8221; header_3_font_size=&#8221;40px&#8221; link_option_url=&#8221;tel:+36705961243&#8243; hover_enabled=&#8221;0&#8243; locked=&#8221;off&#8221; global_colors_info=&#8221;{}&#8221; sticky_enabled=&#8221;0&#8243;]<\/p>\n<h2>+36 70 596 1243<\/h2>\n<p>[\/et_pb_text][\/et_pb_column][et_pb_column type=&#8221;1_2&#8243; _builder_version=&#8221;4.19.0&#8243; _module_preset=&#8221;default&#8221; background_color=&#8221;gcid-3a379ca8-6bf9-434c-8a61-08511851f29f&#8221; custom_padding=&#8221;40px|40px|40px|40px|true|true&#8221; custom_padding_tablet=&#8221;30px|30px|30px|30px|true|true&#8221; custom_padding_phone=&#8221;20px|20px|20px|20px|true|true&#8221; custom_padding_last_edited=&#8221;on|tablet&#8221; global_colors_info=&#8221;{%22gcid-ba664267-6f92-4ac5-a88f-855d6fa318fd%22:%91%22background_color%22%93,%22gcid-3a379ca8-6bf9-434c-8a61-08511851f29f%22:%91%22background_color%22%93}&#8221;][et_pb_button button_url=&#8221;@ET-DC@eyJkeW5hbWljIjp0cnVlLCJjb250ZW50IjoicG9zdF9saW5rX3VybF9wYWdlIiwic2V0dGluZ3MiOnsicG9zdF9pZCI6IjE0In19@&#8221; button_text=&#8221;Contact&#8221; _builder_version=&#8221;4.27.4&#8243; _dynamic_attributes=&#8221;button_url&#8221; _module_preset=&#8221;d2481339-ccea-4f3a-87c0-474db6fb607b&#8221; locked=&#8221;off&#8221; global_colors_info=&#8221;{}&#8221;][\/et_pb_button][\/et_pb_column][\/et_pb_row][\/et_pb_section]<\/p>\n","protected":false},"excerpt":{"rendered":"<p>Clog Removal Services+36 70 596 1243Effective Clog Removal for Your Peace of MindA clog often appears out of nowhere, requiring inconvenient compromises from those affected. During such times, the bathroom or kitchen can become unusable, leading to significant frustration. The kitchen, bathroom, and restrooms are central areas in any property. If someone is unable to [&hellip;]<\/p>\n","protected":false},"author":1,"featured_media":0,"parent":499,"menu_order":0,"comment_status":"closed","ping_status":"closed","template":"","meta":{"_et_pb_use_builder":"on","_et_pb_old_content":"","_et_gb_content_width":"","footnotes":""},"class_list":["post-484","page","type-page","status-publish","hentry"],"yoast_head":"<!-- This site is optimized with the Yoast SEO plugin v27.5 - https:\/\/yoast.com\/product\/yoast-seo-wordpress\/ -->\n<title>Clog Removal Services - gyorsszolgalatod.hu<\/title>\n<meta name=\"robots\" content=\"index, follow, max-snippet:-1, max-image-preview:large, max-video-preview:-1\" \/>\n<link rel=\"canonical\" href=\"https:\/\/gyorsszolgalatod.hu\/en\/services\/clog-removal-services\/\" \/>\n<meta property=\"og:locale\" content=\"en_US\" \/>\n<meta property=\"og:type\" content=\"article\" \/>\n<meta property=\"og:title\" content=\"Clog Removal Services - gyorsszolgalatod.hu\" \/>\n<meta property=\"og:description\" content=\"Clog Removal Services+36 70 596 1243Effective Clog Removal for Your Peace of MindA clog often appears out of nowhere, requiring inconvenient compromises from those affected. During such times, the bathroom or kitchen can become unusable, leading to significant frustration. The kitchen, bathroom, and restrooms are central areas in any property. If someone is unable to [&hellip;]\" \/>\n<meta property=\"og:url\" content=\"https:\/\/gyorsszolgalatod.hu\/en\/services\/clog-removal-services\/\" \/>\n<meta property=\"og:site_name\" content=\"gyorsszolgalatod.hu\" \/>\n<meta property=\"article:modified_time\" content=\"2025-02-07T10:15:39+00:00\" \/>\n<meta name=\"twitter:card\" content=\"summary_large_image\" \/>\n<meta name=\"twitter:label1\" content=\"Est. reading time\" \/>\n\t<meta name=\"twitter:data1\" content=\"4 minutes\" \/>\n<script type=\"application\/ld+json\" class=\"yoast-schema-graph\">{\"@context\":\"https:\\\/\\\/schema.org\",\"@graph\":[{\"@type\":\"WebPage\",\"@id\":\"https:\\\/\\\/gyorsszolgalatod.hu\\\/en\\\/services\\\/clog-removal-services\\\/\",\"url\":\"https:\\\/\\\/gyorsszolgalatod.hu\\\/en\\\/services\\\/clog-removal-services\\\/\",\"name\":\"Clog Removal Services - gyorsszolgalatod.hu\",\"isPartOf\":{\"@id\":\"https:\\\/\\\/gyorsszolgalatod.hu\\\/en\\\/#website\"},\"datePublished\":\"2024-12-19T13:49:58+00:00\",\"dateModified\":\"2025-02-07T10:15:39+00:00\",\"breadcrumb\":{\"@id\":\"https:\\\/\\\/gyorsszolgalatod.hu\\\/en\\\/services\\\/clog-removal-services\\\/#breadcrumb\"},\"inLanguage\":\"en-US\",\"potentialAction\":[{\"@type\":\"ReadAction\",\"target\":[\"https:\\\/\\\/gyorsszolgalatod.hu\\\/en\\\/services\\\/clog-removal-services\\\/\"]}]},{\"@type\":\"BreadcrumbList\",\"@id\":\"https:\\\/\\\/gyorsszolgalatod.hu\\\/en\\\/services\\\/clog-removal-services\\\/#breadcrumb\",\"itemListElement\":[{\"@type\":\"ListItem\",\"position\":1,\"name\":\"Kezd\u0151lap\",\"item\":\"https:\\\/\\\/gyorsszolgalatod.hu\\\/en\\\/\"},{\"@type\":\"ListItem\",\"position\":2,\"name\":\"Services\",\"item\":\"https:\\\/\\\/gyorsszolgalatod.hu\\\/en\\\/services\\\/\"},{\"@type\":\"ListItem\",\"position\":3,\"name\":\"Clog Removal Services\"}]},{\"@type\":\"WebSite\",\"@id\":\"https:\\\/\\\/gyorsszolgalatod.hu\\\/en\\\/#website\",\"url\":\"https:\\\/\\\/gyorsszolgalatod.hu\\\/en\\\/\",\"name\":\"gyorsszolgalatod.hu\",\"description\":\"\",\"publisher\":{\"@id\":\"https:\\\/\\\/gyorsszolgalatod.hu\\\/en\\\/#organization\"},\"potentialAction\":[{\"@type\":\"SearchAction\",\"target\":{\"@type\":\"EntryPoint\",\"urlTemplate\":\"https:\\\/\\\/gyorsszolgalatod.hu\\\/en\\\/?s={search_term_string}\"},\"query-input\":{\"@type\":\"PropertyValueSpecification\",\"valueRequired\":true,\"valueName\":\"search_term_string\"}}],\"inLanguage\":\"en-US\"},{\"@type\":\"Organization\",\"@id\":\"https:\\\/\\\/gyorsszolgalatod.hu\\\/en\\\/#organization\",\"name\":\"gyorsszolgalatod.hu\",\"url\":\"https:\\\/\\\/gyorsszolgalatod.hu\\\/en\\\/\",\"logo\":{\"@type\":\"ImageObject\",\"inLanguage\":\"en-US\",\"@id\":\"https:\\\/\\\/gyorsszolgalatod.hu\\\/en\\\/#\\\/schema\\\/logo\\\/image\\\/\",\"url\":\"https:\\\/\\\/gyorsszolgalatod.hu\\\/wp-content\\\/uploads\\\/2025\\\/01\\\/logo-1.png\",\"contentUrl\":\"https:\\\/\\\/gyorsszolgalatod.hu\\\/wp-content\\\/uploads\\\/2025\\\/01\\\/logo-1.png\",\"width\":472,\"height\":80,\"caption\":\"gyorsszolgalatod.hu\"},\"image\":{\"@id\":\"https:\\\/\\\/gyorsszolgalatod.hu\\\/en\\\/#\\\/schema\\\/logo\\\/image\\\/\"}}]}<\/script>\n<!-- \/ Yoast SEO plugin. -->","yoast_head_json":{"title":"Clog Removal Services - gyorsszolgalatod.hu","robots":{"index":"index","follow":"follow","max-snippet":"max-snippet:-1","max-image-preview":"max-image-preview:large","max-video-preview":"max-video-preview:-1"},"canonical":"https:\/\/gyorsszolgalatod.hu\/en\/services\/clog-removal-services\/","og_locale":"en_US","og_type":"article","og_title":"Clog Removal Services - gyorsszolgalatod.hu","og_description":"Clog Removal Services+36 70 596 1243Effective Clog Removal for Your Peace of MindA clog often appears out of nowhere, requiring inconvenient compromises from those affected. During such times, the bathroom or kitchen can become unusable, leading to significant frustration. The kitchen, bathroom, and restrooms are central areas in any property. If someone is unable to [&hellip;]","og_url":"https:\/\/gyorsszolgalatod.hu\/en\/services\/clog-removal-services\/","og_site_name":"gyorsszolgalatod.hu","article_modified_time":"2025-02-07T10:15:39+00:00","twitter_card":"summary_large_image","twitter_misc":{"Est. reading time":"4 minutes"},"schema":{"@context":"https:\/\/schema.org","@graph":[{"@type":"WebPage","@id":"https:\/\/gyorsszolgalatod.hu\/en\/services\/clog-removal-services\/","url":"https:\/\/gyorsszolgalatod.hu\/en\/services\/clog-removal-services\/","name":"Clog Removal Services - gyorsszolgalatod.hu","isPartOf":{"@id":"https:\/\/gyorsszolgalatod.hu\/en\/#website"},"datePublished":"2024-12-19T13:49:58+00:00","dateModified":"2025-02-07T10:15:39+00:00","breadcrumb":{"@id":"https:\/\/gyorsszolgalatod.hu\/en\/services\/clog-removal-services\/#breadcrumb"},"inLanguage":"en-US","potentialAction":[{"@type":"ReadAction","target":["https:\/\/gyorsszolgalatod.hu\/en\/services\/clog-removal-services\/"]}]},{"@type":"BreadcrumbList","@id":"https:\/\/gyorsszolgalatod.hu\/en\/services\/clog-removal-services\/#breadcrumb","itemListElement":[{"@type":"ListItem","position":1,"name":"Kezd\u0151lap","item":"https:\/\/gyorsszolgalatod.hu\/en\/"},{"@type":"ListItem","position":2,"name":"Services","item":"https:\/\/gyorsszolgalatod.hu\/en\/services\/"},{"@type":"ListItem","position":3,"name":"Clog Removal Services"}]},{"@type":"WebSite","@id":"https:\/\/gyorsszolgalatod.hu\/en\/#website","url":"https:\/\/gyorsszolgalatod.hu\/en\/","name":"gyorsszolgalatod.hu","description":"","publisher":{"@id":"https:\/\/gyorsszolgalatod.hu\/en\/#organization"},"potentialAction":[{"@type":"SearchAction","target":{"@type":"EntryPoint","urlTemplate":"https:\/\/gyorsszolgalatod.hu\/en\/?s={search_term_string}"},"query-input":{"@type":"PropertyValueSpecification","valueRequired":true,"valueName":"search_term_string"}}],"inLanguage":"en-US"},{"@type":"Organization","@id":"https:\/\/gyorsszolgalatod.hu\/en\/#organization","name":"gyorsszolgalatod.hu","url":"https:\/\/gyorsszolgalatod.hu\/en\/","logo":{"@type":"ImageObject","inLanguage":"en-US","@id":"https:\/\/gyorsszolgalatod.hu\/en\/#\/schema\/logo\/image\/","url":"https:\/\/gyorsszolgalatod.hu\/wp-content\/uploads\/2025\/01\/logo-1.png","contentUrl":"https:\/\/gyorsszolgalatod.hu\/wp-content\/uploads\/2025\/01\/logo-1.png","width":472,"height":80,"caption":"gyorsszolgalatod.hu"},"image":{"@id":"https:\/\/gyorsszolgalatod.hu\/en\/#\/schema\/logo\/image\/"}}]}},"_links":{"self":[{"href":"https:\/\/gyorsszolgalatod.hu\/en\/wp-json\/wp\/v2\/pages\/484","targetHints":{"allow":["GET"]}}],"collection":[{"href":"https:\/\/gyorsszolgalatod.hu\/en\/wp-json\/wp\/v2\/pages"}],"about":[{"href":"https:\/\/gyorsszolgalatod.hu\/en\/wp-json\/wp\/v2\/types\/page"}],"author":[{"embeddable":true,"href":"https:\/\/gyorsszolgalatod.hu\/en\/wp-json\/wp\/v2\/users\/1"}],"replies":[{"embeddable":true,"href":"https:\/\/gyorsszolgalatod.hu\/en\/wp-json\/wp\/v2\/comments?post=484"}],"version-history":[{"count":3,"href":"https:\/\/gyorsszolgalatod.hu\/en\/wp-json\/wp\/v2\/pages\/484\/revisions"}],"predecessor-version":[{"id":563,"href":"https:\/\/gyorsszolgalatod.hu\/en\/wp-json\/wp\/v2\/pages\/484\/revisions\/563"}],"up":[{"embeddable":true,"href":"https:\/\/gyorsszolgalatod.hu\/en\/wp-json\/wp\/v2\/pages\/499"}],"wp:attachment":[{"href":"https:\/\/gyorsszolgalatod.hu\/en\/wp-json\/wp\/v2\/media?parent=484"}],"curies":[{"name":"wp","href":"https:\/\/api.w.org\/{rel}","templated":true}]}}