{"id":450,"date":"2024-12-19T14:50:25","date_gmt":"2024-12-19T13:50:25","guid":{"rendered":"https:\/\/gyorsszolgalatod.hu\/futes-es-gazszereles\/"},"modified":"2025-02-07T11:19:34","modified_gmt":"2025-02-07T10:19:34","slug":"heating-and-gas-installation","status":"publish","type":"page","link":"https:\/\/gyorsszolgalatod.hu\/en\/services\/heating-and-gas-installation\/","title":{"rendered":"Heating and Gas Installation"},"content":{"rendered":"<p>[et_pb_section fb_built=&#8221;1&#8243; admin_label=&#8221;Header&#8221; _builder_version=&#8221;4.27.4&#8243; _module_preset=&#8221;default&#8221; background_color=&#8221;rgba(12,55,30,0.88)&#8221; background_enable_pattern_style=&#8221;on&#8221; background_pattern_style=&#8221;checkerboard&#8221; collapsed=&#8221;off&#8221; global_colors_info=&#8221;{}&#8221;][et_pb_row _builder_version=&#8221;4.27.4&#8243; _module_preset=&#8221;default&#8221; global_colors_info=&#8221;{}&#8221;][et_pb_column type=&#8221;4_4&#8243; _builder_version=&#8221;4.19.0&#8243; _module_preset=&#8221;default&#8221; global_colors_info=&#8221;{}&#8221;][et_pb_text _builder_version=&#8221;4.27.4&#8243; _module_preset=&#8221;34660924-c2dd-44db-9997-17b9f401886a&#8221; header_text_color=&#8221;#FFFFFF&#8221; global_colors_info=&#8221;{}&#8221;]<\/p>\n<h1>Heating and Gas Installation<\/h1>\n<p>[\/et_pb_text][et_pb_button button_url=&#8221;@ET-DC@eyJkeW5hbWljIjp0cnVlLCJjb250ZW50IjoicG9zdF9saW5rX3VybF9wYWdlIiwic2V0dGluZ3MiOnsicG9zdF9pZCI6IjE0In19@&#8221; button_text=&#8221;Contact&#8221; _builder_version=&#8221;4.27.4&#8243; _dynamic_attributes=&#8221;button_url&#8221; _module_preset=&#8221;465ec0d2-2c5a-4a38-b068-688248860338&#8243; button_bg_color=&#8221;#186338&#8243; global_colors_info=&#8221;{}&#8221;][\/et_pb_button][et_pb_text _builder_version=&#8221;4.27.4&#8243; _module_preset=&#8221;57995738-39ca-4903-8501-0183ce029058&#8243; link_text_color=&#8221;#ffe35b&#8221; header_2_text_color=&#8221;#FFFFFF&#8221; hover_enabled=&#8221;0&#8243; locked=&#8221;off&#8221; global_colors_info=&#8221;{}&#8221; sticky_enabled=&#8221;0&#8243;]<\/p>\n<h2><a href=\"tel:+36705961243\">+36 70 596 1243<\/a><\/h2>\n<p>[\/et_pb_text][\/et_pb_column][\/et_pb_row][et_pb_row column_structure=&#8221;2_3,1_3&#8243; make_equal=&#8221;on&#8221; _builder_version=&#8221;4.27.4&#8243; _module_preset=&#8221;default&#8221; custom_margin=&#8221;||-240px||false|false&#8221; global_colors_info=&#8221;{}&#8221;][et_pb_column type=&#8221;2_3&#8243; _builder_version=&#8221;4.27.4&#8243; _module_preset=&#8221;default&#8221; background_color=&#8221;#186338&#8243; custom_padding=&#8221;80px|80px|80px|80px|true|true&#8221; custom_padding_tablet=&#8221;30px|30px|30px|30px|true|true&#8221; custom_padding_phone=&#8221;20px|20px|20px|20px|true|true&#8221; custom_padding_last_edited=&#8221;on|desktop&#8221; global_colors_info=&#8221;{}&#8221;][et_pb_text _builder_version=&#8221;4.27.4&#8243; _module_preset=&#8221;99e3adc5-c98b-4ad6-b559-97b5603c1258&#8243; header_3_text_color=&#8221;#FFFFFF&#8221; global_colors_info=&#8221;{}&#8221;]<\/p>\n<h3>Heating and Gas Installation at the Highest Standards<\/h3>\n<p>[\/et_pb_text][et_pb_text _builder_version=&#8221;4.27.4&#8243; _module_preset=&#8221;e7698064-79c5-4a29-a360-d4ba6662941e&#8221; text_text_color=&#8221;#FFFFFF&#8221; global_colors_info=&#8221;{}&#8221;]<\/p>\n<p>Nowadays, there are various alternatives available for heating and hot water supply, such as heat pumps, which are becoming increasingly common in many households. Despite the rise of modern solutions, traditional gas appliances have not gone out of style, and many people remain strongly attached to them. This is primarily because gas appliances have a long history of reliability, and not everyone is willing to undergo a significant transition, such as switching to heat pumps.<\/p>\n<p>Like with any other appliance, gas systems can also experience minor or major issues over time. In such cases, it is crucial to ensure that professional and thorough gas repairs are carried out as quickly as possible.<\/p>\n<p>  [\/et_pb_text][\/et_pb_column][et_pb_column type=&#8221;1_3&#8243; _builder_version=&#8221;4.27.4&#8243; _module_preset=&#8221;default&#8221; background_image=&#8221;https:\/\/gyorsszolgalatod.hu\/wp-content\/uploads\/2025\/01\/futes-es-gazszereles-1.jpg&#8221; global_colors_info=&#8221;{}&#8221;][et_pb_divider show_divider=&#8221;off&#8221; _builder_version=&#8221;4.19.0&#8243; _module_preset=&#8221;default&#8221; height_tablet=&#8221;40vw&#8221; height_phone=&#8221;40vw&#8221; height_last_edited=&#8221;on|desktop&#8221; global_colors_info=&#8221;{}&#8221;][\/et_pb_divider][\/et_pb_column][\/et_pb_row][\/et_pb_section][et_pb_section fb_built=&#8221;1&#8243; admin_label=&#8221;Services&#8221; _builder_version=&#8221;4.19.0&#8243; _module_preset=&#8221;default&#8221; custom_padding=&#8221;240px||||false|false&#8221; collapsed=&#8221;off&#8221; global_colors_info=&#8221;{}&#8221;][et_pb_row _builder_version=&#8221;4.19.0&#8243; _module_preset=&#8221;default&#8221; max_width=&#8221;700px&#8221; global_colors_info=&#8221;{}&#8221;][et_pb_column type=&#8221;4_4&#8243; _builder_version=&#8221;4.19.0&#8243; _module_preset=&#8221;default&#8221; global_colors_info=&#8221;{}&#8221;][et_pb_text _builder_version=&#8221;4.27.4&#8243; _module_preset=&#8221;57995738-39ca-4903-8501-0183ce029058&#8243; header_3_font=&#8221;Mulish|800|||||||&#8221; header_3_line_height=&#8221;1.4em&#8221; global_colors_info=&#8221;{}&#8221;]<\/p>\n<h3>Why Is a Heating and Gas Installation Service Important?<\/h3>\n<p>[\/et_pb_text][et_pb_blurb use_icon=&#8221;on&#8221; font_icon=&#8221;&#xf101;||fa||900&#8243; image_icon_width=&#8221;45px&#8221; _builder_version=&#8221;4.27.4&#8243; _module_preset=&#8221;4ca25fbe-a7ba-405f-b94f-7db552fa1e4d&#8221; custom_margin=&#8221;||60px||false|false&#8221; locked=&#8221;off&#8221; global_colors_info=&#8221;{}&#8221;]<\/p>\n<p align=\"left\">When gas appliances function properly, people can fully enjoy the comfort of their surroundings. To ensure that <b>individuals feel comfortable in a given environment, achieving the right thermal comfort is essential, and heating systems play a key role in this.<\/b><\/p>\n<p>[\/et_pb_blurb][et_pb_blurb use_icon=&#8221;on&#8221; font_icon=&#8221;&#xf101;||fa||900&#8243; image_icon_width=&#8221;45px&#8221; _builder_version=&#8221;4.27.4&#8243; _module_preset=&#8221;4ca25fbe-a7ba-405f-b94f-7db552fa1e4d&#8221; custom_margin=&#8221;||60px||false|false&#8221; locked=&#8221;off&#8221; global_colors_info=&#8221;{}&#8221;]<\/p>\n<p align=\"left\">In winter, when it\u2019s cold outside, there\u2019s nothing better than coming home to a warm, heated house. A well-maintained gas appliance can consistently provide this comfort.<\/p>\n<p>[\/et_pb_blurb][et_pb_blurb use_icon=&#8221;on&#8221; font_icon=&#8221;&#xf101;||fa||900&#8243; image_icon_width=&#8221;45px&#8221; _builder_version=&#8221;4.27.4&#8243; _module_preset=&#8221;4ca25fbe-a7ba-405f-b94f-7db552fa1e4d&#8221; custom_margin=&#8221;||60px||false|false&#8221; locked=&#8221;off&#8221; global_colors_info=&#8221;{}&#8221;]<\/p>\n<p align=\"left\">In certain cases, gas repairs are essential to ensure that <b>appliances can operate safely.<\/b> Gas is inherently dangerous and can lead to severe accidents if the appliances are not functioning properly.<\/p>\n<p>[\/et_pb_blurb][\/et_pb_column][\/et_pb_row][\/et_pb_section][et_pb_section fb_built=&#8221;1&#8243; admin_label=&#8221;Call to Action&#8221; _builder_version=&#8221;4.19.0&#8243; _module_preset=&#8221;default&#8221; collapsed=&#8221;off&#8221; global_colors_info=&#8221;{}&#8221;][et_pb_row column_structure=&#8221;1_2,1_2&#8243; _builder_version=&#8221;4.27.4&#8243; _module_preset=&#8221;default&#8221; global_colors_info=&#8221;{}&#8221;][et_pb_column type=&#8221;1_2&#8243; _builder_version=&#8221;4.19.0&#8243; _module_preset=&#8221;default&#8221; global_colors_info=&#8221;{}&#8221;][et_pb_image src=&#8221;https:\/\/gyorsszolgalatod.hu\/wp-content\/uploads\/2025\/01\/futes-es-gazszereles-2.jpg&#8221; alt=&#8221;F\u0171t\u00e9s \u00e9s G\u00e1zszerel\u00e9s&#8221; title_text=&#8221;F\u0171t\u00e9s \u00e9s G\u00e1zszerel\u00e9s&#8221; _builder_version=&#8221;4.27.4&#8243; _module_preset=&#8221;default&#8221; global_colors_info=&#8221;{}&#8221;][\/et_pb_image][\/et_pb_column][et_pb_column type=&#8221;1_2&#8243; _builder_version=&#8221;4.27.4&#8243; _module_preset=&#8221;default&#8221; background_color=&#8221;#186338&#8243; custom_padding=&#8221;40px|40px|40px|40px|true|true&#8221; global_colors_info=&#8221;{}&#8221;][et_pb_text _builder_version=&#8221;4.27.4&#8243; _module_preset=&#8221;57995738-39ca-4903-8501-0183ce029058&#8243; header_2_text_color=&#8221;#FFFFFF&#8221; header_3_font=&#8221;Mulish|800|||||||&#8221; header_3_text_color=&#8221;#FFFFFF&#8221; header_3_line_height=&#8221;1.4em&#8221; global_colors_info=&#8221;{}&#8221;]<\/p>\n<h3>Gas Repairs for Energy-Efficient Operation<\/h3>\n<p>[\/et_pb_text][et_pb_text _builder_version=&#8221;4.27.4&#8243; _module_preset=&#8221;e7698064-79c5-4a29-a360-d4ba6662941e&#8221; text_text_color=&#8221;#FFFFFF&#8221; global_colors_info=&#8221;{}&#8221;]<\/p>\n<p align=\"left\">For many, the winter months can bring financial challenges. Heating costs can significantly increase expenses, often without users even raising the thermostat much.<\/p>\n<p align=\"left\">In such cases, it\u2019s worth calling in professionals to inspect the system, as improper functioning is likely contributing to the high costs. <b>Professional and precise gas repairs can help ensure that people don\u2019t face excessive expenses during the heating season.<\/b><\/p>\n<p>Heating systems have undergone significant advancements in recent years, offering many benefits to users. Today, much safer and more reliable solutions are available, helping to create a comfortable environment in homes.<\/p>\n<p>For this reason, <b>we place great importance on being available for the planning and installation of new systems as well.<\/b> Our primary goal is to <b>support the creation of livable and economically sustainable properties through our professional work.<\/b> A newly installed system, tailored to expectations, operates efficiently and requires fewer repairs.<\/p>\n<p align=\"left\">Therefore, consulting a professional is not only about ensuring safety but also about reducing costs. <b>A repaired and professionally maintained appliance can operate efficiently and economically.<\/b><\/p>\n<p>  [\/et_pb_text][et_pb_text _builder_version=&#8221;4.27.4&#8243; _module_preset=&#8221;57995738-39ca-4903-8501-0183ce029058&#8243; link_text_color=&#8221;#ffe35b&#8221; header_2_text_color=&#8221;#FFFFFF&#8221; hover_enabled=&#8221;0&#8243; locked=&#8221;off&#8221; global_colors_info=&#8221;{}&#8221; sticky_enabled=&#8221;0&#8243;]<\/p>\n<h2><a href=\"tel:+36705961243\">+36 70 596 1243<\/a><\/h2>\n<p>[\/et_pb_text][et_pb_button button_url=&#8221;@ET-DC@eyJkeW5hbWljIjp0cnVlLCJjb250ZW50IjoicG9zdF9saW5rX3VybF9wYWdlIiwic2V0dGluZ3MiOnsicG9zdF9pZCI6IjE0In19@&#8221; button_text=&#8221;Contact&#8221; _builder_version=&#8221;4.27.4&#8243; _dynamic_attributes=&#8221;button_url&#8221; _module_preset=&#8221;654985ef-8f65-4958-aa7d-d2907082da49&#8243; global_colors_info=&#8221;{}&#8221;][\/et_pb_button][\/et_pb_column][\/et_pb_row][\/et_pb_section][et_pb_section fb_built=&#8221;1&#8243; admin_label=&#8221;Features&#8221; _builder_version=&#8221;4.19.0&#8243; _module_preset=&#8221;default&#8221; collapsed=&#8221;off&#8221; global_colors_info=&#8221;{}&#8221;][et_pb_row _builder_version=&#8221;4.27.4&#8243; _module_preset=&#8221;default&#8221; global_colors_info=&#8221;{}&#8221;][et_pb_column type=&#8221;4_4&#8243; _builder_version=&#8221;4.19.0&#8243; _module_preset=&#8221;default&#8221; global_colors_info=&#8221;{}&#8221;][et_pb_image src=&#8221;https:\/\/gyorsszolgalatod.hu\/wp-content\/uploads\/2025\/01\/futes-es-gazszereles-3.jpg&#8221; alt=&#8221;F\u0171t\u00e9s \u00e9s G\u00e1zszerel\u00e9s&#8221; title_text=&#8221;F\u0171t\u00e9s \u00e9s G\u00e1zszerel\u00e9s&#8221; _builder_version=&#8221;4.27.4&#8243; _module_preset=&#8221;default&#8221; global_colors_info=&#8221;{}&#8221;][\/et_pb_image][\/et_pb_column][\/et_pb_row][et_pb_row _builder_version=&#8221;4.27.4&#8243; _module_preset=&#8221;default&#8221; global_colors_info=&#8221;{}&#8221;][et_pb_column type=&#8221;4_4&#8243; _builder_version=&#8221;4.19.0&#8243; _module_preset=&#8221;default&#8221; global_colors_info=&#8221;{}&#8221;][et_pb_text _builder_version=&#8221;4.27.4&#8243; _module_preset=&#8221;57995738-39ca-4903-8501-0183ce029058&#8243; header_3_font=&#8221;Mulish|800|||||||&#8221; header_3_line_height=&#8221;1.4em&#8221; global_colors_info=&#8221;{}&#8221;]<\/p>\n<h3>Don\u2019t Forget About Maintenance!<\/h3>\n<p>[\/et_pb_text][et_pb_text _builder_version=&#8221;4.27.4&#8243; _module_preset=&#8221;e7698064-79c5-4a29-a360-d4ba6662941e&#8221; text_font_size_tablet=&#8221;&#8221; text_font_size_phone=&#8221;&#8221; text_font_size_last_edited=&#8221;on|desktop&#8221; global_colors_info=&#8221;{}&#8221;]<\/p>\n<p align=\"left\">Experts often recommend maintenance work before the heating season begins. However, some tend to ignore this advice or simply cite a lack of time as the reason for not addressing it.<\/p>\n<p align=\"left\">It\u2019s worth taking professional advice seriously, as <b>annual maintenance is designed to detect issues early, preventing potential system failures.<\/b> Regular inspections also <b>play a crucial role in extending the lifespan of gas appliances.<\/b><\/p>\n<p align=\"left\">The time and money invested in maintenance can pay off many times over, especially when considering the savings on costly repairs.<\/p>\n<p align=\"left\">We offer comprehensive heating and gas repair services, resolving any issues efficiently. Feel free to contact us through our available channels\u2014our team is flexible and ready to assist you promptly! We guarantee high-quality work.<\/p>\n<p>  [\/et_pb_text][\/et_pb_column][\/et_pb_row][\/et_pb_section][et_pb_section fb_built=&#8221;1&#8243; custom_padding_last_edited=&#8221;on|desktop&#8221; admin_label=&#8221;Footer CTA&#8221; _builder_version=&#8221;4.19.0&#8243; _module_preset=&#8221;default&#8221; use_background_color_gradient=&#8221;on&#8221; background_color_gradient_direction=&#8221;90deg&#8221; background_color_gradient_stops=&#8221;rgba(255,255,255,0) 50%|gcid-c61d595c-65d1-455d-b447-e1edcceee1e9 50%&#8221; background_color_gradient_overlays_image=&#8221;on&#8221; background_image=&#8221;https:\/\/gyorsszolgalatod.hu\/wp-content\/uploads\/2024\/12\/plumber-22b.jpg&#8221; background_position=&#8221;bottom_center&#8221; custom_padding=&#8221;0px||120px||false|false&#8221; custom_padding_tablet=&#8221;||0px||false|false&#8221; custom_padding_phone=&#8221;||||false|false&#8221; saved_tabs=&#8221;all&#8221; collapsed=&#8221;off&#8221; global_colors_info=&#8221;{%22gcid-c61d595c-65d1-455d-b447-e1edcceee1e9%22:%91%22background_color_gradient_stops%22,%22background_color_gradient_stops%22%93}&#8221;][et_pb_row column_structure=&#8221;1_2,1_2&#8243; use_custom_gutter=&#8221;on&#8221; gutter_width=&#8221;1&#8243; make_equal=&#8221;on&#8221; _builder_version=&#8221;4.27.4&#8243; _module_preset=&#8221;default&#8221; custom_padding=&#8221;0px||0px||true|false&#8221; box_shadow_style=&#8221;preset4&#8243; box_shadow_horizontal=&#8221;30vw&#8221; box_shadow_vertical=&#8221;0px&#8221; box_shadow_color=&#8221;gcid-3a379ca8-6bf9-434c-8a61-08511851f29f&#8221; global_colors_info=&#8221;{%22gcid-3a379ca8-6bf9-434c-8a61-08511851f29f%22:%91%22box_shadow_color%22%93}&#8221;][et_pb_column type=&#8221;1_2&#8243; _builder_version=&#8221;4.27.4&#8243; _module_preset=&#8221;default&#8221; background_color=&#8221;#186338&#8243; custom_padding=&#8221;40px|20px|40px|20px|true|true&#8221; custom_padding_tablet=&#8221;30px|30px|30px|30px|true|true&#8221; custom_padding_phone=&#8221;20px|20px|20px|20px|true|true&#8221; custom_padding_last_edited=&#8221;off|desktop&#8221; global_colors_info=&#8221;{}&#8221;][et_pb_text _builder_version=&#8221;4.27.4&#8243; _module_preset=&#8221;0eab3cc1-924f-4cf7-8f90-780b5b3f1c0f&#8221; header_4_text_color=&#8221;#FFFFFF&#8221; custom_margin=&#8221;||||false|false&#8221; global_colors_info=&#8221;{}&#8221;]<\/p>\n<h4>Request a Free Quote!<\/h4>\n<p>[\/et_pb_text][et_pb_text _builder_version=&#8221;4.27.4&#8243; _module_preset=&#8221;6b3807b0-282f-4b6e-acab-f629f403cc7e&#8221; header_text_color=&#8221;#FFFFFF&#8221; header_2_text_color=&#8221;#FFFFFF&#8221; header_3_text_color=&#8221;#FFFFFF&#8221; header_3_font_size=&#8221;40px&#8221; link_option_url=&#8221;tel:+36705961243&#8243; hover_enabled=&#8221;0&#8243; locked=&#8221;off&#8221; global_colors_info=&#8221;{}&#8221; sticky_enabled=&#8221;0&#8243;]<\/p>\n<h2>+36 70 596 1243<\/h2>\n<p>[\/et_pb_text][\/et_pb_column][et_pb_column type=&#8221;1_2&#8243; _builder_version=&#8221;4.19.0&#8243; _module_preset=&#8221;default&#8221; background_color=&#8221;gcid-3a379ca8-6bf9-434c-8a61-08511851f29f&#8221; custom_padding=&#8221;40px|40px|40px|40px|true|true&#8221; custom_padding_tablet=&#8221;30px|30px|30px|30px|true|true&#8221; custom_padding_phone=&#8221;20px|20px|20px|20px|true|true&#8221; custom_padding_last_edited=&#8221;on|tablet&#8221; global_colors_info=&#8221;{%22gcid-ba664267-6f92-4ac5-a88f-855d6fa318fd%22:%91%22background_color%22%93,%22gcid-3a379ca8-6bf9-434c-8a61-08511851f29f%22:%91%22background_color%22%93}&#8221;][et_pb_button button_url=&#8221;@ET-DC@eyJkeW5hbWljIjp0cnVlLCJjb250ZW50IjoicG9zdF9saW5rX3VybF9wYWdlIiwic2V0dGluZ3MiOnsicG9zdF9pZCI6IjE0In19@&#8221; button_text=&#8221;Contact&#8221; _builder_version=&#8221;4.27.4&#8243; _dynamic_attributes=&#8221;button_url&#8221; _module_preset=&#8221;d2481339-ccea-4f3a-87c0-474db6fb607b&#8221; locked=&#8221;off&#8221; global_colors_info=&#8221;{}&#8221;][\/et_pb_button][\/et_pb_column][\/et_pb_row][\/et_pb_section]<\/p>\n","protected":false},"excerpt":{"rendered":"<p>Heating and Gas Installation+36 70 596 1243Heating and Gas Installation at the Highest StandardsNowadays, there are various alternatives available for heating and hot water supply, such as heat pumps, which are becoming increasingly common in many households. Despite the rise of modern solutions, traditional gas appliances have not gone out of style, and many people [&hellip;]<\/p>\n","protected":false},"author":1,"featured_media":0,"parent":499,"menu_order":0,"comment_status":"closed","ping_status":"closed","template":"","meta":{"_et_pb_use_builder":"on","_et_pb_old_content":"","_et_gb_content_width":"","footnotes":""},"class_list":["post-450","page","type-page","status-publish","hentry"],"yoast_head":"<!-- This site is optimized with the Yoast SEO plugin v27.5 - https:\/\/yoast.com\/product\/yoast-seo-wordpress\/ -->\n<title>Heating and Gas Installation - gyorsszolgalatod.hu<\/title>\n<meta name=\"robots\" content=\"index, follow, max-snippet:-1, max-image-preview:large, max-video-preview:-1\" \/>\n<link rel=\"canonical\" href=\"https:\/\/gyorsszolgalatod.hu\/en\/services\/heating-and-gas-installation\/\" \/>\n<meta property=\"og:locale\" content=\"en_US\" \/>\n<meta property=\"og:type\" content=\"article\" \/>\n<meta property=\"og:title\" content=\"Heating and Gas Installation - gyorsszolgalatod.hu\" \/>\n<meta property=\"og:description\" content=\"Heating and Gas Installation+36 70 596 1243Heating and Gas Installation at the Highest StandardsNowadays, there are various alternatives available for heating and hot water supply, such as heat pumps, which are becoming increasingly common in many households. Despite the rise of modern solutions, traditional gas appliances have not gone out of style, and many people [&hellip;]\" \/>\n<meta property=\"og:url\" content=\"https:\/\/gyorsszolgalatod.hu\/en\/services\/heating-and-gas-installation\/\" \/>\n<meta property=\"og:site_name\" content=\"gyorsszolgalatod.hu\" \/>\n<meta property=\"article:modified_time\" content=\"2025-02-07T10:19:34+00:00\" \/>\n<meta name=\"twitter:card\" content=\"summary_large_image\" \/>\n<meta name=\"twitter:label1\" content=\"Est. reading time\" \/>\n\t<meta name=\"twitter:data1\" content=\"4 minutes\" \/>\n<script type=\"application\/ld+json\" class=\"yoast-schema-graph\">{\"@context\":\"https:\\\/\\\/schema.org\",\"@graph\":[{\"@type\":\"WebPage\",\"@id\":\"https:\\\/\\\/gyorsszolgalatod.hu\\\/en\\\/services\\\/heating-and-gas-installation\\\/\",\"url\":\"https:\\\/\\\/gyorsszolgalatod.hu\\\/en\\\/services\\\/heating-and-gas-installation\\\/\",\"name\":\"Heating and Gas Installation - gyorsszolgalatod.hu\",\"isPartOf\":{\"@id\":\"https:\\\/\\\/gyorsszolgalatod.hu\\\/en\\\/#website\"},\"datePublished\":\"2024-12-19T13:50:25+00:00\",\"dateModified\":\"2025-02-07T10:19:34+00:00\",\"breadcrumb\":{\"@id\":\"https:\\\/\\\/gyorsszolgalatod.hu\\\/en\\\/services\\\/heating-and-gas-installation\\\/#breadcrumb\"},\"inLanguage\":\"en-US\",\"potentialAction\":[{\"@type\":\"ReadAction\",\"target\":[\"https:\\\/\\\/gyorsszolgalatod.hu\\\/en\\\/services\\\/heating-and-gas-installation\\\/\"]}]},{\"@type\":\"BreadcrumbList\",\"@id\":\"https:\\\/\\\/gyorsszolgalatod.hu\\\/en\\\/services\\\/heating-and-gas-installation\\\/#breadcrumb\",\"itemListElement\":[{\"@type\":\"ListItem\",\"position\":1,\"name\":\"Kezd\u0151lap\",\"item\":\"https:\\\/\\\/gyorsszolgalatod.hu\\\/en\\\/\"},{\"@type\":\"ListItem\",\"position\":2,\"name\":\"Services\",\"item\":\"https:\\\/\\\/gyorsszolgalatod.hu\\\/en\\\/services\\\/\"},{\"@type\":\"ListItem\",\"position\":3,\"name\":\"Heating and Gas Installation\"}]},{\"@type\":\"WebSite\",\"@id\":\"https:\\\/\\\/gyorsszolgalatod.hu\\\/en\\\/#website\",\"url\":\"https:\\\/\\\/gyorsszolgalatod.hu\\\/en\\\/\",\"name\":\"gyorsszolgalatod.hu\",\"description\":\"\",\"publisher\":{\"@id\":\"https:\\\/\\\/gyorsszolgalatod.hu\\\/en\\\/#organization\"},\"potentialAction\":[{\"@type\":\"SearchAction\",\"target\":{\"@type\":\"EntryPoint\",\"urlTemplate\":\"https:\\\/\\\/gyorsszolgalatod.hu\\\/en\\\/?s={search_term_string}\"},\"query-input\":{\"@type\":\"PropertyValueSpecification\",\"valueRequired\":true,\"valueName\":\"search_term_string\"}}],\"inLanguage\":\"en-US\"},{\"@type\":\"Organization\",\"@id\":\"https:\\\/\\\/gyorsszolgalatod.hu\\\/en\\\/#organization\",\"name\":\"gyorsszolgalatod.hu\",\"url\":\"https:\\\/\\\/gyorsszolgalatod.hu\\\/en\\\/\",\"logo\":{\"@type\":\"ImageObject\",\"inLanguage\":\"en-US\",\"@id\":\"https:\\\/\\\/gyorsszolgalatod.hu\\\/en\\\/#\\\/schema\\\/logo\\\/image\\\/\",\"url\":\"https:\\\/\\\/gyorsszolgalatod.hu\\\/wp-content\\\/uploads\\\/2025\\\/01\\\/logo-1.png\",\"contentUrl\":\"https:\\\/\\\/gyorsszolgalatod.hu\\\/wp-content\\\/uploads\\\/2025\\\/01\\\/logo-1.png\",\"width\":472,\"height\":80,\"caption\":\"gyorsszolgalatod.hu\"},\"image\":{\"@id\":\"https:\\\/\\\/gyorsszolgalatod.hu\\\/en\\\/#\\\/schema\\\/logo\\\/image\\\/\"}}]}<\/script>\n<!-- \/ Yoast SEO plugin. -->","yoast_head_json":{"title":"Heating and Gas Installation - gyorsszolgalatod.hu","robots":{"index":"index","follow":"follow","max-snippet":"max-snippet:-1","max-image-preview":"max-image-preview:large","max-video-preview":"max-video-preview:-1"},"canonical":"https:\/\/gyorsszolgalatod.hu\/en\/services\/heating-and-gas-installation\/","og_locale":"en_US","og_type":"article","og_title":"Heating and Gas Installation - gyorsszolgalatod.hu","og_description":"Heating and Gas Installation+36 70 596 1243Heating and Gas Installation at the Highest StandardsNowadays, there are various alternatives available for heating and hot water supply, such as heat pumps, which are becoming increasingly common in many households. Despite the rise of modern solutions, traditional gas appliances have not gone out of style, and many people [&hellip;]","og_url":"https:\/\/gyorsszolgalatod.hu\/en\/services\/heating-and-gas-installation\/","og_site_name":"gyorsszolgalatod.hu","article_modified_time":"2025-02-07T10:19:34+00:00","twitter_card":"summary_large_image","twitter_misc":{"Est. reading time":"4 minutes"},"schema":{"@context":"https:\/\/schema.org","@graph":[{"@type":"WebPage","@id":"https:\/\/gyorsszolgalatod.hu\/en\/services\/heating-and-gas-installation\/","url":"https:\/\/gyorsszolgalatod.hu\/en\/services\/heating-and-gas-installation\/","name":"Heating and Gas Installation - gyorsszolgalatod.hu","isPartOf":{"@id":"https:\/\/gyorsszolgalatod.hu\/en\/#website"},"datePublished":"2024-12-19T13:50:25+00:00","dateModified":"2025-02-07T10:19:34+00:00","breadcrumb":{"@id":"https:\/\/gyorsszolgalatod.hu\/en\/services\/heating-and-gas-installation\/#breadcrumb"},"inLanguage":"en-US","potentialAction":[{"@type":"ReadAction","target":["https:\/\/gyorsszolgalatod.hu\/en\/services\/heating-and-gas-installation\/"]}]},{"@type":"BreadcrumbList","@id":"https:\/\/gyorsszolgalatod.hu\/en\/services\/heating-and-gas-installation\/#breadcrumb","itemListElement":[{"@type":"ListItem","position":1,"name":"Kezd\u0151lap","item":"https:\/\/gyorsszolgalatod.hu\/en\/"},{"@type":"ListItem","position":2,"name":"Services","item":"https:\/\/gyorsszolgalatod.hu\/en\/services\/"},{"@type":"ListItem","position":3,"name":"Heating and Gas Installation"}]},{"@type":"WebSite","@id":"https:\/\/gyorsszolgalatod.hu\/en\/#website","url":"https:\/\/gyorsszolgalatod.hu\/en\/","name":"gyorsszolgalatod.hu","description":"","publisher":{"@id":"https:\/\/gyorsszolgalatod.hu\/en\/#organization"},"potentialAction":[{"@type":"SearchAction","target":{"@type":"EntryPoint","urlTemplate":"https:\/\/gyorsszolgalatod.hu\/en\/?s={search_term_string}"},"query-input":{"@type":"PropertyValueSpecification","valueRequired":true,"valueName":"search_term_string"}}],"inLanguage":"en-US"},{"@type":"Organization","@id":"https:\/\/gyorsszolgalatod.hu\/en\/#organization","name":"gyorsszolgalatod.hu","url":"https:\/\/gyorsszolgalatod.hu\/en\/","logo":{"@type":"ImageObject","inLanguage":"en-US","@id":"https:\/\/gyorsszolgalatod.hu\/en\/#\/schema\/logo\/image\/","url":"https:\/\/gyorsszolgalatod.hu\/wp-content\/uploads\/2025\/01\/logo-1.png","contentUrl":"https:\/\/gyorsszolgalatod.hu\/wp-content\/uploads\/2025\/01\/logo-1.png","width":472,"height":80,"caption":"gyorsszolgalatod.hu"},"image":{"@id":"https:\/\/gyorsszolgalatod.hu\/en\/#\/schema\/logo\/image\/"}}]}},"_links":{"self":[{"href":"https:\/\/gyorsszolgalatod.hu\/en\/wp-json\/wp\/v2\/pages\/450","targetHints":{"allow":["GET"]}}],"collection":[{"href":"https:\/\/gyorsszolgalatod.hu\/en\/wp-json\/wp\/v2\/pages"}],"about":[{"href":"https:\/\/gyorsszolgalatod.hu\/en\/wp-json\/wp\/v2\/types\/page"}],"author":[{"embeddable":true,"href":"https:\/\/gyorsszolgalatod.hu\/en\/wp-json\/wp\/v2\/users\/1"}],"replies":[{"embeddable":true,"href":"https:\/\/gyorsszolgalatod.hu\/en\/wp-json\/wp\/v2\/comments?post=450"}],"version-history":[{"count":5,"href":"https:\/\/gyorsszolgalatod.hu\/en\/wp-json\/wp\/v2\/pages\/450\/revisions"}],"predecessor-version":[{"id":566,"href":"https:\/\/gyorsszolgalatod.hu\/en\/wp-json\/wp\/v2\/pages\/450\/revisions\/566"}],"up":[{"embeddable":true,"href":"https:\/\/gyorsszolgalatod.hu\/en\/wp-json\/wp\/v2\/pages\/499"}],"wp:attachment":[{"href":"https:\/\/gyorsszolgalatod.hu\/en\/wp-json\/wp\/v2\/media?parent=450"}],"curies":[{"name":"wp","href":"https:\/\/api.w.org\/{rel}","templated":true}]}}