{"id":438,"date":"2024-12-19T14:50:06","date_gmt":"2024-12-19T13:50:06","guid":{"rendered":"https:\/\/gyorsszolgalatod.hu\/vizszereles\/"},"modified":"2025-02-07T11:14:17","modified_gmt":"2025-02-07T10:14:17","slug":"plumbing-services","status":"publish","type":"page","link":"https:\/\/gyorsszolgalatod.hu\/en\/services\/plumbing-services\/","title":{"rendered":"Plumbing Services"},"content":{"rendered":"<p>[et_pb_section fb_built=&#8221;1&#8243; admin_label=&#8221;Header&#8221; _builder_version=&#8221;4.27.4&#8243; _module_preset=&#8221;default&#8221; background_color=&#8221;rgba(12,55,30,0.88)&#8221; background_enable_pattern_style=&#8221;on&#8221; background_pattern_style=&#8221;checkerboard&#8221; collapsed=&#8221;off&#8221; global_colors_info=&#8221;{}&#8221;][et_pb_row _builder_version=&#8221;4.27.4&#8243; _module_preset=&#8221;default&#8221; global_colors_info=&#8221;{}&#8221;][et_pb_column type=&#8221;4_4&#8243; _builder_version=&#8221;4.19.0&#8243; _module_preset=&#8221;default&#8221; global_colors_info=&#8221;{}&#8221;][et_pb_text _builder_version=&#8221;4.27.4&#8243; _module_preset=&#8221;34660924-c2dd-44db-9997-17b9f401886a&#8221; header_text_color=&#8221;#FFFFFF&#8221; global_colors_info=&#8221;{}&#8221;]<\/p>\n<h1>Plumbing Services<\/h1>\n<p>[\/et_pb_text][et_pb_button button_url=&#8221;@ET-DC@eyJkeW5hbWljIjp0cnVlLCJjb250ZW50IjoicG9zdF9saW5rX3VybF9wYWdlIiwic2V0dGluZ3MiOnsicG9zdF9pZCI6IjE0In19@&#8221; button_text=&#8221;Contact&#8221; _builder_version=&#8221;4.27.4&#8243; _dynamic_attributes=&#8221;button_url&#8221; _module_preset=&#8221;465ec0d2-2c5a-4a38-b068-688248860338&#8243; button_bg_color=&#8221;#186338&#8243; global_colors_info=&#8221;{}&#8221;][\/et_pb_button][et_pb_text _builder_version=&#8221;4.27.4&#8243; _module_preset=&#8221;57995738-39ca-4903-8501-0183ce029058&#8243; link_text_color=&#8221;#ffe35b&#8221; header_2_text_color=&#8221;#FFFFFF&#8221; hover_enabled=&#8221;0&#8243; locked=&#8221;off&#8221; global_colors_info=&#8221;{}&#8221; sticky_enabled=&#8221;0&#8243;]<\/p>\n<h2><a href=\"tel: +36705961243\"> +36 705 961 243 <\/a><\/h2>\n<p>[\/et_pb_text][\/et_pb_column][\/et_pb_row][et_pb_row column_structure=&#8221;2_3,1_3&#8243; make_equal=&#8221;on&#8221; _builder_version=&#8221;4.27.4&#8243; _module_preset=&#8221;default&#8221; custom_margin=&#8221;||-240px||false|false&#8221; global_colors_info=&#8221;{}&#8221;][et_pb_column type=&#8221;2_3&#8243; _builder_version=&#8221;4.27.4&#8243; _module_preset=&#8221;default&#8221; background_color=&#8221;#186338&#8243; custom_padding=&#8221;80px|80px|80px|80px|true|true&#8221; custom_padding_tablet=&#8221;30px|30px|30px|30px|true|true&#8221; custom_padding_phone=&#8221;20px|20px|20px|20px|true|true&#8221; custom_padding_last_edited=&#8221;on|desktop&#8221; global_colors_info=&#8221;{}&#8221;][et_pb_text _builder_version=&#8221;4.27.4&#8243; _module_preset=&#8221;99e3adc5-c98b-4ad6-b559-97b5603c1258&#8243; header_3_text_color=&#8221;#FFFFFF&#8221; global_colors_info=&#8221;{}&#8221;]<\/p>\n<h3>Plumbing Services for a Clean and Comfortable Environment<\/h3>\n<p>[\/et_pb_text][et_pb_text _builder_version=&#8221;4.27.4&#8243; _module_preset=&#8221;e7698064-79c5-4a29-a360-d4ba6662941e&#8221; text_text_color=&#8221;#FFFFFF&#8221; global_colors_info=&#8221;{}&#8221;]<\/p>\n<p>In the past, when people needed water for cooking, washing, or cleaning, they had to walk to the nearest well. This was a tiring and demanding task for people of all ages. Fortunately, technology has advanced, and today it is unimaginable for a property not to have a plumbing system installed.<\/p>\n<p>Plumbing systems greatly enhance comfort. From personal hygiene to flushing the toilet and watering the garden, an adequate supply of water delivered through the pipes is essential.<\/p>\n<p>It is equally important for plumbing systems to operate reliably, as their stable performance plays a crucial role in many aspects of everyday life.<\/p>\n<p>[\/et_pb_text][\/et_pb_column][et_pb_column type=&#8221;1_3&#8243; _builder_version=&#8221;4.27.4&#8243; _module_preset=&#8221;default&#8221; background_image=&#8221;https:\/\/gyorsszolgalatod.hu\/wp-content\/uploads\/2025\/01\/vizszereles-1.jpg&#8221; global_colors_info=&#8221;{}&#8221;][et_pb_divider show_divider=&#8221;off&#8221; _builder_version=&#8221;4.27.4&#8243; _module_preset=&#8221;default&#8221; height_tablet=&#8221;40vw&#8221; height_phone=&#8221;40vw&#8221; height_last_edited=&#8221;on|desktop&#8221; global_colors_info=&#8221;{}&#8221;][\/et_pb_divider][\/et_pb_column][\/et_pb_row][\/et_pb_section][et_pb_section fb_built=&#8221;1&#8243; admin_label=&#8221;Features&#8221; _builder_version=&#8221;4.27.4&#8243; _module_preset=&#8221;default&#8221; custom_padding=&#8221;240px||||false|false&#8221; collapsed=&#8221;off&#8221; global_colors_info=&#8221;{}&#8221;][et_pb_row _builder_version=&#8221;4.27.4&#8243; _module_preset=&#8221;default&#8221; global_colors_info=&#8221;{}&#8221;][et_pb_column type=&#8221;4_4&#8243; _builder_version=&#8221;4.19.0&#8243; _module_preset=&#8221;default&#8221; global_colors_info=&#8221;{}&#8221;][et_pb_image src=&#8221;https:\/\/gyorsszolgalatod.hu\/wp-content\/uploads\/2025\/01\/vizszereles-3.jpg&#8221; alt=&#8221;V\u00edzszerel\u00e9s&#8221; title_text=&#8221;V\u00edzszerel\u00e9s&#8221; _builder_version=&#8221;4.27.4&#8243; _module_preset=&#8221;default&#8221; global_colors_info=&#8221;{}&#8221;][\/et_pb_image][\/et_pb_column][\/et_pb_row][et_pb_row _builder_version=&#8221;4.27.4&#8243; _module_preset=&#8221;default&#8221; global_colors_info=&#8221;{}&#8221;][et_pb_column type=&#8221;4_4&#8243; _builder_version=&#8221;4.19.0&#8243; _module_preset=&#8221;default&#8221; global_colors_info=&#8221;{}&#8221;][et_pb_text _builder_version=&#8221;4.27.4&#8243; _module_preset=&#8221;57995738-39ca-4903-8501-0183ce029058&#8243; header_3_font=&#8221;Mulish|800|||||||&#8221; header_3_line_height=&#8221;1.4em&#8221; global_colors_info=&#8221;{}&#8221;]<\/p>\n<h3>When Do You Need Professional Plumbing Services?<\/h3>\n<p>[\/et_pb_text][et_pb_text _builder_version=&#8221;4.27.4&#8243; _module_preset=&#8221;e7698064-79c5-4a29-a360-d4ba6662941e&#8221; text_font_size_tablet=&#8221;&#8221; text_font_size_phone=&#8221;&#8221; text_font_size_last_edited=&#8221;on|desktop&#8221; global_colors_info=&#8221;{}&#8221;]<\/p>\n<p>Professional plumbing services can be needed in a wide variety of situations. It&#8217;s not always about troubleshooting or fixing problems. For example, <b>you may require expert assistance when installing new appliances like dishwashers or washing machines.<\/b><\/p>\n<p><b>Whether it\u2019s dealing with leaks, burst pipes, blockages, or routine maintenance,<\/b> experienced and reliable plumbers are essential in these situations. Those who promptly contact the right professionals can often prevent costly and time-consuming repairs.<\/p>\n<p>In some cases, <b>new networks or systems may need to be installed to ensure safe and convenient use, and we can handle these tasks comprehensively.<\/b> We are well-versed in innovative solutions in this field that are tailored to meet the specific needs of users.<\/p>\n<p>High-quality professional work always includes thorough planning. Additionally, the use of top-notch materials and precise execution ensures flawless results.<\/p>\n<p>Trust us with your plumbing needs! We handle all kinds of tasks to ensure that your water supply remains uninterrupted. For more information or to request our services, feel free to contact us using the details provided!<\/p>\n<p>[\/et_pb_text][\/et_pb_column][\/et_pb_row][\/et_pb_section][et_pb_section fb_built=&#8221;1&#8243; admin_label=&#8221;Call to Action&#8221; _builder_version=&#8221;4.19.0&#8243; _module_preset=&#8221;default&#8221; collapsed=&#8221;off&#8221; global_colors_info=&#8221;{}&#8221;][et_pb_row column_structure=&#8221;1_2,1_2&#8243; _builder_version=&#8221;4.27.4&#8243; _module_preset=&#8221;default&#8221; global_colors_info=&#8221;{}&#8221;][et_pb_column type=&#8221;1_2&#8243; _builder_version=&#8221;4.19.0&#8243; _module_preset=&#8221;default&#8221; global_colors_info=&#8221;{}&#8221;][et_pb_image src=&#8221;https:\/\/gyorsszolgalatod.hu\/wp-content\/uploads\/2025\/01\/vizszereles-2.jpg&#8221; alt=&#8221;V\u00edzszerel\u00e9s&#8221; title_text=&#8221;V\u00edzszerel\u00e9s&#8221; _builder_version=&#8221;4.27.4&#8243; _module_preset=&#8221;default&#8221; global_colors_info=&#8221;{}&#8221;][\/et_pb_image][\/et_pb_column][et_pb_column type=&#8221;1_2&#8243; _builder_version=&#8221;4.27.4&#8243; _module_preset=&#8221;default&#8221; background_color=&#8221;#186338&#8243; custom_padding=&#8221;40px|40px|40px|40px|true|true&#8221; global_colors_info=&#8221;{}&#8221;][et_pb_text _builder_version=&#8221;4.27.4&#8243; _module_preset=&#8221;57995738-39ca-4903-8501-0183ce029058&#8243; header_2_text_color=&#8221;#FFFFFF&#8221; header_3_font=&#8221;Mulish|800|||||||&#8221; header_3_text_color=&#8221;#FFFFFF&#8221; header_3_line_height=&#8221;1.4em&#8221; global_colors_info=&#8221;{}&#8221;]<\/p>\n<h3>Why Do You Need a Professional for Plumbing?<\/h3>\n<p>[\/et_pb_text][et_pb_text _builder_version=&#8221;4.27.4&#8243; _module_preset=&#8221;e7698064-79c5-4a29-a360-d4ba6662941e&#8221; text_text_color=&#8221;#FFFFFF&#8221; global_colors_info=&#8221;{}&#8221;]<\/p>\n<p>Many people believe that water is completely harmless, which makes them feel confident enough to tackle plumbing tasks themselves. However, before making any decisions, it\u2019s worth thinking this through carefully.<\/p>\n<p><b>DIY solutions have no place in plumbing, as improper work can lead to issues<\/b>\u2014and often even bigger ones than the original problem.<\/p>\n<p>No one wants to face a major expense because of a mistake made during plumbing. Attempting to fix it yourself won\u2019t save you time or energy; it will only create more inconvenience for you.<\/p>\n<p>[\/et_pb_text][et_pb_text _builder_version=&#8221;4.27.4&#8243; _module_preset=&#8221;57995738-39ca-4903-8501-0183ce029058&#8243; link_text_color=&#8221;#ffe35b&#8221; header_2_text_color=&#8221;#FFFFFF&#8221; hover_enabled=&#8221;0&#8243; locked=&#8221;off&#8221; global_colors_info=&#8221;{}&#8221; sticky_enabled=&#8221;0&#8243;]<\/p>\n<h2><a href=\"tel:+36705961243\">+36 70 596 1243<\/a><\/h2>\n<p>[\/et_pb_text][et_pb_button button_url=&#8221;@ET-DC@eyJkeW5hbWljIjp0cnVlLCJjb250ZW50IjoicG9zdF9saW5rX3VybF9wYWdlIiwic2V0dGluZ3MiOnsicG9zdF9pZCI6IjE0In19@&#8221; button_text=&#8221;Contact&#8221; _builder_version=&#8221;4.27.4&#8243; _dynamic_attributes=&#8221;button_url&#8221; _module_preset=&#8221;654985ef-8f65-4958-aa7d-d2907082da49&#8243; global_colors_info=&#8221;{}&#8221;][\/et_pb_button][\/et_pb_column][\/et_pb_row][\/et_pb_section][et_pb_section fb_built=&#8221;1&#8243; admin_label=&#8221;Services&#8221; _builder_version=&#8221;4.27.4&#8243; _module_preset=&#8221;default&#8221; custom_padding=&#8221;||||false|false&#8221; collapsed=&#8221;off&#8221; global_colors_info=&#8221;{}&#8221;][et_pb_row _builder_version=&#8221;4.19.0&#8243; _module_preset=&#8221;default&#8221; max_width=&#8221;700px&#8221; global_colors_info=&#8221;{}&#8221;][et_pb_column type=&#8221;4_4&#8243; _builder_version=&#8221;4.19.0&#8243; _module_preset=&#8221;default&#8221; global_colors_info=&#8221;{}&#8221;][et_pb_text _builder_version=&#8221;4.27.4&#8243; _module_preset=&#8221;57995738-39ca-4903-8501-0183ce029058&#8243; header_3_font=&#8221;Mulish|800|||||||&#8221; header_3_line_height=&#8221;1.4em&#8221; global_colors_info=&#8221;{}&#8221;]<\/p>\n<h3>What Does a Well-Functioning Plumbing System Provide?<\/h3>\n<p>[\/et_pb_text][et_pb_blurb use_icon=&#8221;on&#8221; font_icon=&#8221;&#xf101;||fa||900&#8243; image_icon_width=&#8221;45px&#8221; _builder_version=&#8221;4.27.4&#8243; _module_preset=&#8221;4ca25fbe-a7ba-405f-b94f-7db552fa1e4d&#8221; custom_margin=&#8221;||60px||false|false&#8221; locked=&#8221;off&#8221; global_colors_info=&#8221;{}&#8221;]<\/p>\n<p><b>A well-functioning plumbing system plays a crucial role in maintaining health and hygiene.<\/b> Without water, life within a property practically comes to a halt, not to mention the discomfort it causes, especially when it comes to personal hygiene. Staying clean becomes impossible without the option of at least a quick shower, and plumbing systems are essential in making this possible.<\/p>\n<p>[\/et_pb_blurb][et_pb_blurb use_icon=&#8221;on&#8221; font_icon=&#8221;&#xf101;||fa||900&#8243; image_icon_width=&#8221;45px&#8221; _builder_version=&#8221;4.27.4&#8243; _module_preset=&#8221;4ca25fbe-a7ba-405f-b94f-7db552fa1e4d&#8221; custom_margin=&#8221;||60px||false|false&#8221; locked=&#8221;off&#8221; global_colors_info=&#8221;{}&#8221;]<\/p>\n<p>When plumbing systems are functioning properly, <b>they also enhance overall comfort.<\/b> People can access water directly from their immediate environment for daily tasks. Without this convenience, even basic activities like doing laundry\u2014which is also essential for maintaining personal hygiene\u2014would become time-consuming and cumbersome.<\/p>\n<p>[\/et_pb_blurb][et_pb_blurb use_icon=&#8221;on&#8221; font_icon=&#8221;&#xf101;||fa||900&#8243; image_icon_width=&#8221;45px&#8221; _builder_version=&#8221;4.27.4&#8243; _module_preset=&#8221;4ca25fbe-a7ba-405f-b94f-7db552fa1e4d&#8221; custom_margin=&#8221;||60px||false|false&#8221; locked=&#8221;off&#8221; global_colors_info=&#8221;{}&#8221;]<\/p>\n<p>Those who have experienced water damage in their homes due to a leak know how extensive the damage and restoration efforts can be\u2014both financially and mentally exhausting. For this reason, <b>a flawlessly functioning plumbing system plays a crucial role in protecting property and assets.<\/b><\/p>\n<p>[\/et_pb_blurb][\/et_pb_column][\/et_pb_row][\/et_pb_section][et_pb_section fb_built=&#8221;1&#8243; custom_padding_last_edited=&#8221;on|desktop&#8221; admin_label=&#8221;Footer CTA&#8221; _builder_version=&#8221;4.19.0&#8243; _module_preset=&#8221;default&#8221; use_background_color_gradient=&#8221;on&#8221; background_color_gradient_direction=&#8221;90deg&#8221; background_color_gradient_stops=&#8221;rgba(255,255,255,0) 50%|gcid-c61d595c-65d1-455d-b447-e1edcceee1e9 50%&#8221; background_color_gradient_overlays_image=&#8221;on&#8221; background_image=&#8221;https:\/\/gyorsszolgalatod.hu\/wp-content\/uploads\/2024\/12\/plumber-22b.jpg&#8221; background_position=&#8221;bottom_center&#8221; custom_padding=&#8221;0px||120px||false|false&#8221; custom_padding_tablet=&#8221;||0px||false|false&#8221; custom_padding_phone=&#8221;||||false|false&#8221; saved_tabs=&#8221;all&#8221; collapsed=&#8221;off&#8221; global_colors_info=&#8221;{%22gcid-c61d595c-65d1-455d-b447-e1edcceee1e9%22:%91%22background_color_gradient_stops%22,%22background_color_gradient_stops%22%93}&#8221;][et_pb_row column_structure=&#8221;1_2,1_2&#8243; use_custom_gutter=&#8221;on&#8221; gutter_width=&#8221;1&#8243; make_equal=&#8221;on&#8221; _builder_version=&#8221;4.27.4&#8243; _module_preset=&#8221;default&#8221; custom_padding=&#8221;0px||0px||true|false&#8221; box_shadow_style=&#8221;preset4&#8243; box_shadow_horizontal=&#8221;30vw&#8221; box_shadow_vertical=&#8221;0px&#8221; box_shadow_color=&#8221;gcid-3a379ca8-6bf9-434c-8a61-08511851f29f&#8221; global_colors_info=&#8221;{%22gcid-3a379ca8-6bf9-434c-8a61-08511851f29f%22:%91%22box_shadow_color%22%93}&#8221;][et_pb_column type=&#8221;1_2&#8243; _builder_version=&#8221;4.27.4&#8243; _module_preset=&#8221;default&#8221; background_color=&#8221;#186338&#8243; custom_padding=&#8221;40px|20px|40px|20px|true|true&#8221; custom_padding_tablet=&#8221;30px|30px|30px|30px|true|true&#8221; custom_padding_phone=&#8221;20px|20px|20px|20px|true|true&#8221; custom_padding_last_edited=&#8221;off|desktop&#8221; global_colors_info=&#8221;{}&#8221;][et_pb_text _builder_version=&#8221;4.27.4&#8243; _module_preset=&#8221;0eab3cc1-924f-4cf7-8f90-780b5b3f1c0f&#8221; header_4_text_color=&#8221;#FFFFFF&#8221; custom_margin=&#8221;||||false|false&#8221; global_colors_info=&#8221;{}&#8221;]<\/p>\n<h4>Request a Free Quote!<\/h4>\n<p>[\/et_pb_text][et_pb_text _builder_version=&#8221;4.27.4&#8243; _module_preset=&#8221;6b3807b0-282f-4b6e-acab-f629f403cc7e&#8221; header_text_color=&#8221;#FFFFFF&#8221; header_2_text_color=&#8221;#FFFFFF&#8221; header_3_text_color=&#8221;#FFFFFF&#8221; header_3_font_size=&#8221;40px&#8221; link_option_url=&#8221;tel:+36705961243&#8243; hover_enabled=&#8221;0&#8243; locked=&#8221;off&#8221; global_colors_info=&#8221;{}&#8221; sticky_enabled=&#8221;0&#8243;]<\/p>\n<h2>+36 70 596 1243<\/h2>\n<p>[\/et_pb_text][\/et_pb_column][et_pb_column type=&#8221;1_2&#8243; _builder_version=&#8221;4.19.0&#8243; _module_preset=&#8221;default&#8221; background_color=&#8221;gcid-3a379ca8-6bf9-434c-8a61-08511851f29f&#8221; custom_padding=&#8221;40px|40px|40px|40px|true|true&#8221; custom_padding_tablet=&#8221;30px|30px|30px|30px|true|true&#8221; custom_padding_phone=&#8221;20px|20px|20px|20px|true|true&#8221; custom_padding_last_edited=&#8221;on|tablet&#8221; global_colors_info=&#8221;{%22gcid-ba664267-6f92-4ac5-a88f-855d6fa318fd%22:%91%22background_color%22%93,%22gcid-3a379ca8-6bf9-434c-8a61-08511851f29f%22:%91%22background_color%22%93}&#8221;][et_pb_button button_url=&#8221;@ET-DC@eyJkeW5hbWljIjp0cnVlLCJjb250ZW50IjoicG9zdF9saW5rX3VybF9wYWdlIiwic2V0dGluZ3MiOnsicG9zdF9pZCI6IjE0In19@&#8221; button_text=&#8221;Contact&#8221; _builder_version=&#8221;4.27.4&#8243; _dynamic_attributes=&#8221;button_url&#8221; _module_preset=&#8221;d2481339-ccea-4f3a-87c0-474db6fb607b&#8221; locked=&#8221;off&#8221; global_colors_info=&#8221;{}&#8221;][\/et_pb_button][\/et_pb_column][\/et_pb_row][\/et_pb_section]<\/p>\n","protected":false},"excerpt":{"rendered":"<p>Plumbing Services +36 705 961 243 Plumbing Services for a Clean and Comfortable EnvironmentIn the past, when people needed water for cooking, washing, or cleaning, they had to walk to the nearest well. This was a tiring and demanding task for people of all ages. Fortunately, technology has advanced, and today it is unimaginable for [&hellip;]<\/p>\n","protected":false},"author":1,"featured_media":0,"parent":499,"menu_order":0,"comment_status":"closed","ping_status":"closed","template":"","meta":{"_et_pb_use_builder":"on","_et_pb_old_content":"","_et_gb_content_width":"","footnotes":""},"class_list":["post-438","page","type-page","status-publish","hentry"],"yoast_head":"<!-- This site is optimized with the Yoast SEO plugin v27.5 - https:\/\/yoast.com\/product\/yoast-seo-wordpress\/ -->\n<title>Plumbing Services - gyorsszolgalatod.hu<\/title>\n<meta name=\"robots\" content=\"index, follow, max-snippet:-1, max-image-preview:large, max-video-preview:-1\" \/>\n<link rel=\"canonical\" href=\"https:\/\/gyorsszolgalatod.hu\/en\/services\/plumbing-services\/\" \/>\n<meta property=\"og:locale\" content=\"en_US\" \/>\n<meta property=\"og:type\" content=\"article\" \/>\n<meta property=\"og:title\" content=\"Plumbing Services - gyorsszolgalatod.hu\" \/>\n<meta property=\"og:description\" content=\"Plumbing Services +36 705 961 243 Plumbing Services for a Clean and Comfortable EnvironmentIn the past, when people needed water for cooking, washing, or cleaning, they had to walk to the nearest well. This was a tiring and demanding task for people of all ages. Fortunately, technology has advanced, and today it is unimaginable for [&hellip;]\" \/>\n<meta property=\"og:url\" content=\"https:\/\/gyorsszolgalatod.hu\/en\/services\/plumbing-services\/\" \/>\n<meta property=\"og:site_name\" content=\"gyorsszolgalatod.hu\" \/>\n<meta property=\"article:modified_time\" content=\"2025-02-07T10:14:17+00:00\" \/>\n<meta name=\"twitter:card\" content=\"summary_large_image\" \/>\n<meta name=\"twitter:label1\" content=\"Est. reading time\" \/>\n\t<meta name=\"twitter:data1\" content=\"4 minutes\" \/>\n<script type=\"application\/ld+json\" class=\"yoast-schema-graph\">{\"@context\":\"https:\\\/\\\/schema.org\",\"@graph\":[{\"@type\":\"WebPage\",\"@id\":\"https:\\\/\\\/gyorsszolgalatod.hu\\\/en\\\/services\\\/plumbing-services\\\/\",\"url\":\"https:\\\/\\\/gyorsszolgalatod.hu\\\/en\\\/services\\\/plumbing-services\\\/\",\"name\":\"Plumbing Services - gyorsszolgalatod.hu\",\"isPartOf\":{\"@id\":\"https:\\\/\\\/gyorsszolgalatod.hu\\\/en\\\/#website\"},\"datePublished\":\"2024-12-19T13:50:06+00:00\",\"dateModified\":\"2025-02-07T10:14:17+00:00\",\"breadcrumb\":{\"@id\":\"https:\\\/\\\/gyorsszolgalatod.hu\\\/en\\\/services\\\/plumbing-services\\\/#breadcrumb\"},\"inLanguage\":\"en-US\",\"potentialAction\":[{\"@type\":\"ReadAction\",\"target\":[\"https:\\\/\\\/gyorsszolgalatod.hu\\\/en\\\/services\\\/plumbing-services\\\/\"]}]},{\"@type\":\"BreadcrumbList\",\"@id\":\"https:\\\/\\\/gyorsszolgalatod.hu\\\/en\\\/services\\\/plumbing-services\\\/#breadcrumb\",\"itemListElement\":[{\"@type\":\"ListItem\",\"position\":1,\"name\":\"Kezd\u0151lap\",\"item\":\"https:\\\/\\\/gyorsszolgalatod.hu\\\/en\\\/\"},{\"@type\":\"ListItem\",\"position\":2,\"name\":\"Services\",\"item\":\"https:\\\/\\\/gyorsszolgalatod.hu\\\/en\\\/services\\\/\"},{\"@type\":\"ListItem\",\"position\":3,\"name\":\"Plumbing Services\"}]},{\"@type\":\"WebSite\",\"@id\":\"https:\\\/\\\/gyorsszolgalatod.hu\\\/en\\\/#website\",\"url\":\"https:\\\/\\\/gyorsszolgalatod.hu\\\/en\\\/\",\"name\":\"gyorsszolgalatod.hu\",\"description\":\"\",\"publisher\":{\"@id\":\"https:\\\/\\\/gyorsszolgalatod.hu\\\/en\\\/#organization\"},\"potentialAction\":[{\"@type\":\"SearchAction\",\"target\":{\"@type\":\"EntryPoint\",\"urlTemplate\":\"https:\\\/\\\/gyorsszolgalatod.hu\\\/en\\\/?s={search_term_string}\"},\"query-input\":{\"@type\":\"PropertyValueSpecification\",\"valueRequired\":true,\"valueName\":\"search_term_string\"}}],\"inLanguage\":\"en-US\"},{\"@type\":\"Organization\",\"@id\":\"https:\\\/\\\/gyorsszolgalatod.hu\\\/en\\\/#organization\",\"name\":\"gyorsszolgalatod.hu\",\"url\":\"https:\\\/\\\/gyorsszolgalatod.hu\\\/en\\\/\",\"logo\":{\"@type\":\"ImageObject\",\"inLanguage\":\"en-US\",\"@id\":\"https:\\\/\\\/gyorsszolgalatod.hu\\\/en\\\/#\\\/schema\\\/logo\\\/image\\\/\",\"url\":\"https:\\\/\\\/gyorsszolgalatod.hu\\\/wp-content\\\/uploads\\\/2025\\\/01\\\/logo-1.png\",\"contentUrl\":\"https:\\\/\\\/gyorsszolgalatod.hu\\\/wp-content\\\/uploads\\\/2025\\\/01\\\/logo-1.png\",\"width\":472,\"height\":80,\"caption\":\"gyorsszolgalatod.hu\"},\"image\":{\"@id\":\"https:\\\/\\\/gyorsszolgalatod.hu\\\/en\\\/#\\\/schema\\\/logo\\\/image\\\/\"}}]}<\/script>\n<!-- \/ Yoast SEO plugin. -->","yoast_head_json":{"title":"Plumbing Services - gyorsszolgalatod.hu","robots":{"index":"index","follow":"follow","max-snippet":"max-snippet:-1","max-image-preview":"max-image-preview:large","max-video-preview":"max-video-preview:-1"},"canonical":"https:\/\/gyorsszolgalatod.hu\/en\/services\/plumbing-services\/","og_locale":"en_US","og_type":"article","og_title":"Plumbing Services - gyorsszolgalatod.hu","og_description":"Plumbing Services +36 705 961 243 Plumbing Services for a Clean and Comfortable EnvironmentIn the past, when people needed water for cooking, washing, or cleaning, they had to walk to the nearest well. This was a tiring and demanding task for people of all ages. Fortunately, technology has advanced, and today it is unimaginable for [&hellip;]","og_url":"https:\/\/gyorsszolgalatod.hu\/en\/services\/plumbing-services\/","og_site_name":"gyorsszolgalatod.hu","article_modified_time":"2025-02-07T10:14:17+00:00","twitter_card":"summary_large_image","twitter_misc":{"Est. reading time":"4 minutes"},"schema":{"@context":"https:\/\/schema.org","@graph":[{"@type":"WebPage","@id":"https:\/\/gyorsszolgalatod.hu\/en\/services\/plumbing-services\/","url":"https:\/\/gyorsszolgalatod.hu\/en\/services\/plumbing-services\/","name":"Plumbing Services - gyorsszolgalatod.hu","isPartOf":{"@id":"https:\/\/gyorsszolgalatod.hu\/en\/#website"},"datePublished":"2024-12-19T13:50:06+00:00","dateModified":"2025-02-07T10:14:17+00:00","breadcrumb":{"@id":"https:\/\/gyorsszolgalatod.hu\/en\/services\/plumbing-services\/#breadcrumb"},"inLanguage":"en-US","potentialAction":[{"@type":"ReadAction","target":["https:\/\/gyorsszolgalatod.hu\/en\/services\/plumbing-services\/"]}]},{"@type":"BreadcrumbList","@id":"https:\/\/gyorsszolgalatod.hu\/en\/services\/plumbing-services\/#breadcrumb","itemListElement":[{"@type":"ListItem","position":1,"name":"Kezd\u0151lap","item":"https:\/\/gyorsszolgalatod.hu\/en\/"},{"@type":"ListItem","position":2,"name":"Services","item":"https:\/\/gyorsszolgalatod.hu\/en\/services\/"},{"@type":"ListItem","position":3,"name":"Plumbing Services"}]},{"@type":"WebSite","@id":"https:\/\/gyorsszolgalatod.hu\/en\/#website","url":"https:\/\/gyorsszolgalatod.hu\/en\/","name":"gyorsszolgalatod.hu","description":"","publisher":{"@id":"https:\/\/gyorsszolgalatod.hu\/en\/#organization"},"potentialAction":[{"@type":"SearchAction","target":{"@type":"EntryPoint","urlTemplate":"https:\/\/gyorsszolgalatod.hu\/en\/?s={search_term_string}"},"query-input":{"@type":"PropertyValueSpecification","valueRequired":true,"valueName":"search_term_string"}}],"inLanguage":"en-US"},{"@type":"Organization","@id":"https:\/\/gyorsszolgalatod.hu\/en\/#organization","name":"gyorsszolgalatod.hu","url":"https:\/\/gyorsszolgalatod.hu\/en\/","logo":{"@type":"ImageObject","inLanguage":"en-US","@id":"https:\/\/gyorsszolgalatod.hu\/en\/#\/schema\/logo\/image\/","url":"https:\/\/gyorsszolgalatod.hu\/wp-content\/uploads\/2025\/01\/logo-1.png","contentUrl":"https:\/\/gyorsszolgalatod.hu\/wp-content\/uploads\/2025\/01\/logo-1.png","width":472,"height":80,"caption":"gyorsszolgalatod.hu"},"image":{"@id":"https:\/\/gyorsszolgalatod.hu\/en\/#\/schema\/logo\/image\/"}}]}},"_links":{"self":[{"href":"https:\/\/gyorsszolgalatod.hu\/en\/wp-json\/wp\/v2\/pages\/438","targetHints":{"allow":["GET"]}}],"collection":[{"href":"https:\/\/gyorsszolgalatod.hu\/en\/wp-json\/wp\/v2\/pages"}],"about":[{"href":"https:\/\/gyorsszolgalatod.hu\/en\/wp-json\/wp\/v2\/types\/page"}],"author":[{"embeddable":true,"href":"https:\/\/gyorsszolgalatod.hu\/en\/wp-json\/wp\/v2\/users\/1"}],"replies":[{"embeddable":true,"href":"https:\/\/gyorsszolgalatod.hu\/en\/wp-json\/wp\/v2\/comments?post=438"}],"version-history":[{"count":3,"href":"https:\/\/gyorsszolgalatod.hu\/en\/wp-json\/wp\/v2\/pages\/438\/revisions"}],"predecessor-version":[{"id":562,"href":"https:\/\/gyorsszolgalatod.hu\/en\/wp-json\/wp\/v2\/pages\/438\/revisions\/562"}],"up":[{"embeddable":true,"href":"https:\/\/gyorsszolgalatod.hu\/en\/wp-json\/wp\/v2\/pages\/499"}],"wp:attachment":[{"href":"https:\/\/gyorsszolgalatod.hu\/en\/wp-json\/wp\/v2\/media?parent=438"}],"curies":[{"name":"wp","href":"https:\/\/api.w.org\/{rel}","templated":true}]}}