{"id":433,"date":"2024-12-19T14:48:00","date_gmt":"2024-12-19T13:48:00","guid":{"rendered":"https:\/\/gyorsszolgalatod.hu\/?page_id=433"},"modified":"2025-02-07T11:21:37","modified_gmt":"2025-02-07T10:21:37","slug":"contact","status":"publish","type":"page","link":"https:\/\/gyorsszolgalatod.hu\/en\/contact\/","title":{"rendered":"Contact"},"content":{"rendered":"<p>[et_pb_section fb_built=&#8221;1&#8243; admin_label=&#8221;Header&#8221; _builder_version=&#8221;4.27.4&#8243; _module_preset=&#8221;default&#8221; background_color=&#8221;rgba(12,55,30,0.88)&#8221; background_enable_pattern_style=&#8221;on&#8221; background_pattern_style=&#8221;checkerboard&#8221; collapsed=&#8221;off&#8221; global_colors_info=&#8221;{}&#8221;][et_pb_row _builder_version=&#8221;4.27.4&#8243; _module_preset=&#8221;default&#8221; global_colors_info=&#8221;{}&#8221;][et_pb_column type=&#8221;4_4&#8243; _builder_version=&#8221;4.19.0&#8243; _module_preset=&#8221;default&#8221; global_colors_info=&#8221;{}&#8221;][et_pb_text _builder_version=&#8221;4.27.4&#8243; _module_preset=&#8221;34660924-c2dd-44db-9997-17b9f401886a&#8221; header_text_color=&#8221;#FFFFFF&#8221; global_colors_info=&#8221;{}&#8221;]<\/p>\n<h1>Contact<\/h1>\n<p>[\/et_pb_text][et_pb_text _builder_version=&#8221;4.27.4&#8243; _module_preset=&#8221;57995738-39ca-4903-8501-0183ce029058&#8243; link_text_color=&#8221;#ffe35b&#8221; header_2_text_color=&#8221;#FFFFFF&#8221; hover_enabled=&#8221;0&#8243; locked=&#8221;off&#8221; global_colors_info=&#8221;{}&#8221; sticky_enabled=&#8221;0&#8243;]<\/p>\n<h2><a href=\"tel:+36705961243\">+36 70 596 1243<\/a><\/h2>\n<p>[\/et_pb_text][\/et_pb_column][\/et_pb_row][et_pb_row column_structure=&#8221;2_3,1_3&#8243; make_equal=&#8221;on&#8221; disabled_on=&#8221;off|off|off&#8221; _builder_version=&#8221;4.27.4&#8243; _module_preset=&#8221;default&#8221; custom_margin=&#8221;||||false|false&#8221; global_colors_info=&#8221;{}&#8221;][et_pb_column type=&#8221;2_3&#8243; _builder_version=&#8221;4.27.4&#8243; _module_preset=&#8221;default&#8221; background_color=&#8221;#186338&#8243; custom_padding=&#8221;80px|80px|80px|80px|true|true&#8221; custom_padding_tablet=&#8221;30px|30px|30px|30px|true|true&#8221; custom_padding_phone=&#8221;20px|20px|20px|20px|true|true&#8221; custom_padding_last_edited=&#8221;on|desktop&#8221; global_colors_info=&#8221;{}&#8221;][et_pb_code _builder_version=&#8221;4.27.4&#8243; _module_preset=&#8221;default&#8221; global_colors_info=&#8221;{}&#8221;]\n<div class=\"wpcf7 no-js\" id=\"wpcf7-f554-o1\" lang=\"en-US\" dir=\"ltr\" data-wpcf7-id=\"554\">\n<div class=\"screen-reader-response\"><p role=\"status\" aria-live=\"polite\" aria-atomic=\"true\"><\/p> <ul><\/ul><\/div>\n<form action=\"\/en\/wp-json\/wp\/v2\/pages\/433#wpcf7-f554-o1\" method=\"post\" class=\"wpcf7-form init\" aria-label=\"Contact form\" novalidate=\"novalidate\" data-status=\"init\">\n<fieldset class=\"hidden-fields-container\"><input type=\"hidden\" name=\"_wpcf7\" value=\"554\" \/><input type=\"hidden\" name=\"_wpcf7_version\" value=\"6.1.5\" \/><input type=\"hidden\" name=\"_wpcf7_locale\" value=\"en_US\" \/><input type=\"hidden\" name=\"_wpcf7_unit_tag\" value=\"wpcf7-f554-o1\" \/><input type=\"hidden\" name=\"_wpcf7_container_post\" value=\"0\" \/><input type=\"hidden\" name=\"_wpcf7_posted_data_hash\" value=\"\" \/>\n<\/fieldset>\n<p><label> Name<br \/>\n<span class=\"wpcf7-form-control-wrap\" data-name=\"your-name\"><input size=\"40\" maxlength=\"400\" class=\"wpcf7-form-control wpcf7-text wpcf7-validates-as-required\" autocomplete=\"name\" aria-required=\"true\" aria-invalid=\"false\" value=\"\" type=\"text\" name=\"your-name\" \/><\/span> <\/label>\n<\/p>\n<p><label> E-mail<br \/>\n<span class=\"wpcf7-form-control-wrap\" data-name=\"your-email\"><input size=\"40\" maxlength=\"400\" class=\"wpcf7-form-control wpcf7-email wpcf7-validates-as-required wpcf7-text wpcf7-validates-as-email\" autocomplete=\"email\" aria-required=\"true\" aria-invalid=\"false\" value=\"\" type=\"email\" name=\"your-email\" \/><\/span> <\/label>\n<\/p>\n<p><label> Phone<br \/>\n<span class=\"wpcf7-form-control-wrap\" data-name=\"text-516\"><input size=\"40\" maxlength=\"400\" class=\"wpcf7-form-control wpcf7-text wpcf7-validates-as-required\" aria-required=\"true\" aria-invalid=\"false\" value=\"\" type=\"text\" name=\"text-516\" \/><\/span> <\/label>\n<\/p>\n<p><label> Subject<br \/>\n<span class=\"wpcf7-form-control-wrap\" data-name=\"your-subject\"><input size=\"40\" maxlength=\"400\" class=\"wpcf7-form-control wpcf7-text wpcf7-validates-as-required\" aria-required=\"true\" aria-invalid=\"false\" value=\"\" type=\"text\" name=\"your-subject\" \/><\/span> <\/label>\n<\/p>\n<p><label> Message<br \/>\n<span class=\"wpcf7-form-control-wrap\" data-name=\"your-message\"><textarea cols=\"40\" rows=\"10\" maxlength=\"2000\" class=\"wpcf7-form-control wpcf7-textarea\" aria-invalid=\"false\" name=\"your-message\"><\/textarea><\/span> <\/label>\n<\/p>\n<p><input class=\"wpcf7-form-control wpcf7-submit has-spinner\" type=\"submit\" value=\"Send\" \/>\n<\/p><div class=\"wpcf7-response-output\" aria-hidden=\"true\"><\/div>\n<\/form>\n<\/div>\n[\/et_pb_code][\/et_pb_column][et_pb_column type=&#8221;1_3&#8243; _builder_version=&#8221;4.27.4&#8243; _module_preset=&#8221;default&#8221; background_image=&#8221;https:\/\/gyorsszolgalatod.hu\/wp-content\/uploads\/2025\/01\/villanyszereles-1.jpg&#8221; global_colors_info=&#8221;{}&#8221;][et_pb_divider show_divider=&#8221;off&#8221; _builder_version=&#8221;4.19.0&#8243; _module_preset=&#8221;default&#8221; height_tablet=&#8221;40vw&#8221; height_phone=&#8221;40vw&#8221; height_last_edited=&#8221;on|desktop&#8221; global_colors_info=&#8221;{}&#8221;][\/et_pb_divider][\/et_pb_column][\/et_pb_row][\/et_pb_section]<\/p>\n","protected":false},"excerpt":{"rendered":"<p>Contact+36 70 596 1243\n<div class=\"wpcf7 no-js\" id=\"wpcf7-f554-o2\" lang=\"en-US\" dir=\"ltr\" data-wpcf7-id=\"554\">\n<div class=\"screen-reader-response\"><p role=\"status\" aria-live=\"polite\" aria-atomic=\"true\"><\/p> <ul><\/ul><\/div>\n<form action=\"\/en\/wp-json\/wp\/v2\/pages\/433#wpcf7-f554-o2\" method=\"post\" class=\"wpcf7-form init\" aria-label=\"Contact form\" novalidate=\"novalidate\" data-status=\"init\">\n<fieldset class=\"hidden-fields-container\"><input type=\"hidden\" name=\"_wpcf7\" value=\"554\" \/><input type=\"hidden\" name=\"_wpcf7_version\" value=\"6.1.5\" \/><input type=\"hidden\" name=\"_wpcf7_locale\" value=\"en_US\" \/><input type=\"hidden\" name=\"_wpcf7_unit_tag\" value=\"wpcf7-f554-o2\" \/><input type=\"hidden\" name=\"_wpcf7_container_post\" value=\"0\" \/><input type=\"hidden\" name=\"_wpcf7_posted_data_hash\" value=\"\" \/>\n<\/fieldset>\n<p><label> Name<br \/>\n<span class=\"wpcf7-form-control-wrap\" data-name=\"your-name\"><input size=\"40\" maxlength=\"400\" class=\"wpcf7-form-control wpcf7-text wpcf7-validates-as-required\" autocomplete=\"name\" aria-required=\"true\" aria-invalid=\"false\" value=\"\" type=\"text\" name=\"your-name\" \/><\/span> <\/label>\n<\/p>\n<p><label> E-mail<br \/>\n<span class=\"wpcf7-form-control-wrap\" data-name=\"your-email\"><input size=\"40\" maxlength=\"400\" class=\"wpcf7-form-control wpcf7-email wpcf7-validates-as-required wpcf7-text wpcf7-validates-as-email\" autocomplete=\"email\" aria-required=\"true\" aria-invalid=\"false\" value=\"\" type=\"email\" name=\"your-email\" \/><\/span> <\/label>\n<\/p>\n<p><label> Phone<br \/>\n<span class=\"wpcf7-form-control-wrap\" data-name=\"text-516\"><input size=\"40\" maxlength=\"400\" class=\"wpcf7-form-control wpcf7-text wpcf7-validates-as-required\" aria-required=\"true\" aria-invalid=\"false\" value=\"\" type=\"text\" name=\"text-516\" \/><\/span> <\/label>\n<\/p>\n<p><label> Subject<br \/>\n<span class=\"wpcf7-form-control-wrap\" data-name=\"your-subject\"><input size=\"40\" maxlength=\"400\" class=\"wpcf7-form-control wpcf7-text wpcf7-validates-as-required\" aria-required=\"true\" aria-invalid=\"false\" value=\"\" type=\"text\" name=\"your-subject\" \/><\/span> <\/label>\n<\/p>\n<p><label> Message<br \/>\n<span class=\"wpcf7-form-control-wrap\" data-name=\"your-message\"><textarea cols=\"40\" rows=\"10\" maxlength=\"2000\" class=\"wpcf7-form-control wpcf7-textarea\" aria-invalid=\"false\" name=\"your-message\"><\/textarea><\/span> <\/label>\n<\/p>\n<p><input class=\"wpcf7-form-control wpcf7-submit has-spinner\" type=\"submit\" value=\"Send\" \/>\n<\/p><div class=\"wpcf7-response-output\" aria-hidden=\"true\"><\/div>\n<\/form>\n<\/div>\n<\/p>\n","protected":false},"author":1,"featured_media":0,"parent":0,"menu_order":0,"comment_status":"closed","ping_status":"closed","template":"","meta":{"_et_pb_use_builder":"on","_et_pb_old_content":"[et_pb_section fb_built=\"1\" admin_label=\"Header\" _builder_version=\"4.27.4\" _module_preset=\"default\" background_color=\"rgba(12,55,30,0.88)\" background_enable_pattern_style=\"on\" background_pattern_style=\"checkerboard\" collapsed=\"off\" global_colors_info=\"{}\"][et_pb_row _builder_version=\"4.27.4\" _module_preset=\"default\" global_colors_info=\"{}\"][et_pb_column type=\"4_4\" _builder_version=\"4.19.0\" _module_preset=\"default\" global_colors_info=\"{}\"][et_pb_text _builder_version=\"4.27.4\" _module_preset=\"34660924-c2dd-44db-9997-17b9f401886a\" header_text_color=\"#FFFFFF\" global_colors_info=\"{}\"]<h1>El\u00e9rhet\u0151s\u00e9gek<\/h1>[\/et_pb_text][et_pb_text _builder_version=\"4.27.4\" _module_preset=\"57995738-39ca-4903-8501-0183ce029058\" link_text_color=\"#ffe35b\" header_2_text_color=\"#FFFFFF\" locked=\"off\" global_colors_info=\"{}\"]<h2><a href=\"tel:+36709305413\">+36 70 930 5413<\/a><\/h2>[\/et_pb_text][\/et_pb_column][\/et_pb_row][et_pb_row column_structure=\"2_3,1_3\" make_equal=\"on\" disabled_on=\"off|off|off\" _builder_version=\"4.27.4\" _module_preset=\"default\" custom_margin=\"||||false|false\" global_colors_info=\"{}\"][et_pb_column type=\"2_3\" _builder_version=\"4.27.4\" _module_preset=\"default\" background_color=\"#186338\" custom_padding=\"80px|80px|80px|80px|true|true\" custom_padding_tablet=\"30px|30px|30px|30px|true|true\" custom_padding_phone=\"20px|20px|20px|20px|true|true\" custom_padding_last_edited=\"on|desktop\" global_colors_info=\"{}\"][et_pb_code _builder_version=\"4.27.4\" _module_preset=\"default\" hover_enabled=\"0\" sticky_enabled=\"0\"][contact-form-7 id=\"1b10e7a\" title=\"Kapcsolat\"][\/et_pb_code][\/et_pb_column][et_pb_column type=\"1_3\" _builder_version=\"4.27.4\" _module_preset=\"default\" background_image=\"https:\/\/gyorsszolgalatod.hu\/wp-content\/uploads\/2025\/01\/villanyszereles-1.jpg\" global_colors_info=\"{}\"][et_pb_divider show_divider=\"off\" _builder_version=\"4.19.0\" _module_preset=\"default\" height_tablet=\"40vw\" height_phone=\"40vw\" height_last_edited=\"on|desktop\" global_colors_info=\"{}\"][\/et_pb_divider][\/et_pb_column][\/et_pb_row][\/et_pb_section]","_et_gb_content_width":"","footnotes":""},"class_list":["post-433","page","type-page","status-publish","hentry"],"yoast_head":"<!-- This site is optimized with the Yoast SEO plugin v27.5 - https:\/\/yoast.com\/product\/yoast-seo-wordpress\/ -->\n<title>Contact - gyorsszolgalatod.hu<\/title>\n<meta name=\"robots\" content=\"index, follow, max-snippet:-1, max-image-preview:large, max-video-preview:-1\" \/>\n<link rel=\"canonical\" href=\"https:\/\/gyorsszolgalatod.hu\/en\/contact\/\" \/>\n<meta property=\"og:locale\" content=\"en_US\" \/>\n<meta property=\"og:type\" content=\"article\" \/>\n<meta property=\"og:title\" content=\"Contact - gyorsszolgalatod.hu\" \/>\n<meta property=\"og:description\" content=\"Contact+36 70 596 1243\" \/>\n<meta property=\"og:url\" content=\"https:\/\/gyorsszolgalatod.hu\/en\/contact\/\" \/>\n<meta property=\"og:site_name\" content=\"gyorsszolgalatod.hu\" \/>\n<meta property=\"article:modified_time\" content=\"2025-02-07T10:21:37+00:00\" \/>\n<meta name=\"twitter:card\" content=\"summary_large_image\" \/>\n<meta name=\"twitter:label1\" content=\"Est. reading time\" \/>\n\t<meta name=\"twitter:data1\" content=\"1 minute\" \/>\n<script type=\"application\/ld+json\" class=\"yoast-schema-graph\">{\"@context\":\"https:\\\/\\\/schema.org\",\"@graph\":[{\"@type\":\"WebPage\",\"@id\":\"https:\\\/\\\/gyorsszolgalatod.hu\\\/en\\\/contact\\\/\",\"url\":\"https:\\\/\\\/gyorsszolgalatod.hu\\\/en\\\/contact\\\/\",\"name\":\"Contact - gyorsszolgalatod.hu\",\"isPartOf\":{\"@id\":\"https:\\\/\\\/gyorsszolgalatod.hu\\\/en\\\/#website\"},\"datePublished\":\"2024-12-19T13:48:00+00:00\",\"dateModified\":\"2025-02-07T10:21:37+00:00\",\"breadcrumb\":{\"@id\":\"https:\\\/\\\/gyorsszolgalatod.hu\\\/en\\\/contact\\\/#breadcrumb\"},\"inLanguage\":\"en-US\",\"potentialAction\":[{\"@type\":\"ReadAction\",\"target\":[\"https:\\\/\\\/gyorsszolgalatod.hu\\\/en\\\/contact\\\/\"]}]},{\"@type\":\"BreadcrumbList\",\"@id\":\"https:\\\/\\\/gyorsszolgalatod.hu\\\/en\\\/contact\\\/#breadcrumb\",\"itemListElement\":[{\"@type\":\"ListItem\",\"position\":1,\"name\":\"Kezd\u0151lap\",\"item\":\"https:\\\/\\\/gyorsszolgalatod.hu\\\/en\\\/\"},{\"@type\":\"ListItem\",\"position\":2,\"name\":\"Contact\"}]},{\"@type\":\"WebSite\",\"@id\":\"https:\\\/\\\/gyorsszolgalatod.hu\\\/en\\\/#website\",\"url\":\"https:\\\/\\\/gyorsszolgalatod.hu\\\/en\\\/\",\"name\":\"gyorsszolgalatod.hu\",\"description\":\"\",\"publisher\":{\"@id\":\"https:\\\/\\\/gyorsszolgalatod.hu\\\/en\\\/#organization\"},\"potentialAction\":[{\"@type\":\"SearchAction\",\"target\":{\"@type\":\"EntryPoint\",\"urlTemplate\":\"https:\\\/\\\/gyorsszolgalatod.hu\\\/en\\\/?s={search_term_string}\"},\"query-input\":{\"@type\":\"PropertyValueSpecification\",\"valueRequired\":true,\"valueName\":\"search_term_string\"}}],\"inLanguage\":\"en-US\"},{\"@type\":\"Organization\",\"@id\":\"https:\\\/\\\/gyorsszolgalatod.hu\\\/en\\\/#organization\",\"name\":\"gyorsszolgalatod.hu\",\"url\":\"https:\\\/\\\/gyorsszolgalatod.hu\\\/en\\\/\",\"logo\":{\"@type\":\"ImageObject\",\"inLanguage\":\"en-US\",\"@id\":\"https:\\\/\\\/gyorsszolgalatod.hu\\\/en\\\/#\\\/schema\\\/logo\\\/image\\\/\",\"url\":\"https:\\\/\\\/gyorsszolgalatod.hu\\\/wp-content\\\/uploads\\\/2025\\\/01\\\/logo-1.png\",\"contentUrl\":\"https:\\\/\\\/gyorsszolgalatod.hu\\\/wp-content\\\/uploads\\\/2025\\\/01\\\/logo-1.png\",\"width\":472,\"height\":80,\"caption\":\"gyorsszolgalatod.hu\"},\"image\":{\"@id\":\"https:\\\/\\\/gyorsszolgalatod.hu\\\/en\\\/#\\\/schema\\\/logo\\\/image\\\/\"}}]}<\/script>\n<!-- \/ Yoast SEO plugin. -->","yoast_head_json":{"title":"Contact - gyorsszolgalatod.hu","robots":{"index":"index","follow":"follow","max-snippet":"max-snippet:-1","max-image-preview":"max-image-preview:large","max-video-preview":"max-video-preview:-1"},"canonical":"https:\/\/gyorsszolgalatod.hu\/en\/contact\/","og_locale":"en_US","og_type":"article","og_title":"Contact - gyorsszolgalatod.hu","og_description":"Contact+36 70 596 1243","og_url":"https:\/\/gyorsszolgalatod.hu\/en\/contact\/","og_site_name":"gyorsszolgalatod.hu","article_modified_time":"2025-02-07T10:21:37+00:00","twitter_card":"summary_large_image","twitter_misc":{"Est. reading time":"1 minute"},"schema":{"@context":"https:\/\/schema.org","@graph":[{"@type":"WebPage","@id":"https:\/\/gyorsszolgalatod.hu\/en\/contact\/","url":"https:\/\/gyorsszolgalatod.hu\/en\/contact\/","name":"Contact - gyorsszolgalatod.hu","isPartOf":{"@id":"https:\/\/gyorsszolgalatod.hu\/en\/#website"},"datePublished":"2024-12-19T13:48:00+00:00","dateModified":"2025-02-07T10:21:37+00:00","breadcrumb":{"@id":"https:\/\/gyorsszolgalatod.hu\/en\/contact\/#breadcrumb"},"inLanguage":"en-US","potentialAction":[{"@type":"ReadAction","target":["https:\/\/gyorsszolgalatod.hu\/en\/contact\/"]}]},{"@type":"BreadcrumbList","@id":"https:\/\/gyorsszolgalatod.hu\/en\/contact\/#breadcrumb","itemListElement":[{"@type":"ListItem","position":1,"name":"Kezd\u0151lap","item":"https:\/\/gyorsszolgalatod.hu\/en\/"},{"@type":"ListItem","position":2,"name":"Contact"}]},{"@type":"WebSite","@id":"https:\/\/gyorsszolgalatod.hu\/en\/#website","url":"https:\/\/gyorsszolgalatod.hu\/en\/","name":"gyorsszolgalatod.hu","description":"","publisher":{"@id":"https:\/\/gyorsszolgalatod.hu\/en\/#organization"},"potentialAction":[{"@type":"SearchAction","target":{"@type":"EntryPoint","urlTemplate":"https:\/\/gyorsszolgalatod.hu\/en\/?s={search_term_string}"},"query-input":{"@type":"PropertyValueSpecification","valueRequired":true,"valueName":"search_term_string"}}],"inLanguage":"en-US"},{"@type":"Organization","@id":"https:\/\/gyorsszolgalatod.hu\/en\/#organization","name":"gyorsszolgalatod.hu","url":"https:\/\/gyorsszolgalatod.hu\/en\/","logo":{"@type":"ImageObject","inLanguage":"en-US","@id":"https:\/\/gyorsszolgalatod.hu\/en\/#\/schema\/logo\/image\/","url":"https:\/\/gyorsszolgalatod.hu\/wp-content\/uploads\/2025\/01\/logo-1.png","contentUrl":"https:\/\/gyorsszolgalatod.hu\/wp-content\/uploads\/2025\/01\/logo-1.png","width":472,"height":80,"caption":"gyorsszolgalatod.hu"},"image":{"@id":"https:\/\/gyorsszolgalatod.hu\/en\/#\/schema\/logo\/image\/"}}]}},"_links":{"self":[{"href":"https:\/\/gyorsszolgalatod.hu\/en\/wp-json\/wp\/v2\/pages\/433","targetHints":{"allow":["GET"]}}],"collection":[{"href":"https:\/\/gyorsszolgalatod.hu\/en\/wp-json\/wp\/v2\/pages"}],"about":[{"href":"https:\/\/gyorsszolgalatod.hu\/en\/wp-json\/wp\/v2\/types\/page"}],"author":[{"embeddable":true,"href":"https:\/\/gyorsszolgalatod.hu\/en\/wp-json\/wp\/v2\/users\/1"}],"replies":[{"embeddable":true,"href":"https:\/\/gyorsszolgalatod.hu\/en\/wp-json\/wp\/v2\/comments?post=433"}],"version-history":[{"count":5,"href":"https:\/\/gyorsszolgalatod.hu\/en\/wp-json\/wp\/v2\/pages\/433\/revisions"}],"predecessor-version":[{"id":568,"href":"https:\/\/gyorsszolgalatod.hu\/en\/wp-json\/wp\/v2\/pages\/433\/revisions\/568"}],"wp:attachment":[{"href":"https:\/\/gyorsszolgalatod.hu\/en\/wp-json\/wp\/v2\/media?parent=433"}],"curies":[{"name":"wp","href":"https:\/\/api.w.org\/{rel}","templated":true}]}}